{"id":1029,"date":"2024-10-08T16:19:01","date_gmt":"2024-10-08T21:19:01","guid":{"rendered":"https:\/\/thepreciselab.com\/product\/paternidad-no-legal\/"},"modified":"2024-10-08T16:19:01","modified_gmt":"2024-10-08T21:19:01","slug":"paternidad-no-legal","status":"publish","type":"product","link":"https:\/\/thepreciselab.com\/es\/product\/paternidad-no-legal\/","title":{"rendered":"Paternidad (no legal)"},"content":{"rendered":"<p><strong>\u00bfPor qu\u00e9 debes hacer esta prueba?<\/strong><br \/>\nEsta prueba permite confirmar si eres el padre biol\u00f3gico de un ni\u00f1o. Consiste en recoger suavemente una peque\u00f1a muestra de ADN del interior de la mejilla para compararla con el ADN del ni\u00f1o y buscar marcadores gen\u00e9ticos coincidentes.<br \/>\n<em>Nota: Estos resultados son para uso personal y no pueden utilizarse en procedimientos judiciales. Si necesitas una prueba legal, consulta nuestra Prueba de paternidad (legal-judicial). <\/em><\/p>\n<p><strong>\u00bfQui\u00e9n proporciona las muestras de ADN?<\/strong><br \/>\nEl supuesto padre y el ni\u00f1o presentar\u00e1n muestras. Para fines no legales, el ADN puede recogerse de objetos como un cepillo de dientes, colillas de cigarrillos, chicles o pelo, siempre que no est\u00e9n contaminados. <\/p>\n<p><strong>\u00bfCu\u00e1l es el plazo de entrega de los resultados?<\/strong><br \/>\nTe enviaremos los resultados por correo electr\u00f3nico en 2-3 d\u00edas laborables.<\/p>\n<p><strong>\u00bfQu\u00e9 debes llevar a la cita?<\/strong><br \/>\nS\u00f3lo tienes que acudir a tu cita programada en nuestro laboratorio.<\/p>\n","protected":false},"excerpt":{"rendered":"<p>\u00bfPor qu\u00e9 debes hacer esta prueba? Esta prueba permite confirmar si eres el padre biol\u00f3gico de un ni\u00f1o. Consiste en recoger suavemente una peque\u00f1a muestra de<span class=\"excerpt-hellip\"> [\u2026]<\/span><\/p>\n","protected":false},"featured_media":0,"comment_status":"closed","ping_status":"closed","template":"","meta":[],"product_brand":[],"product_cat":[62],"product_tag":[],"class_list":{"0":"post-1029","1":"product","2":"type-product","3":"status-publish","5":"product_cat-pruebas-de-adn","7":"first","8":"instock","9":"shipping-taxable","10":"purchasable","11":"product-type-simple"},"_links":{"self":[{"href":"https:\/\/thepreciselab.com\/es\/wp-json\/wp\/v2\/product\/1029","targetHints":{"allow":["GET"]}}],"collection":[{"href":"https:\/\/thepreciselab.com\/es\/wp-json\/wp\/v2\/product"}],"about":[{"href":"https:\/\/thepreciselab.com\/es\/wp-json\/wp\/v2\/types\/product"}],"replies":[{"embeddable":true,"href":"https:\/\/thepreciselab.com\/es\/wp-json\/wp\/v2\/comments?post=1029"}],"wp:attachment":[{"href":"https:\/\/thepreciselab.com\/es\/wp-json\/wp\/v2\/media?parent=1029"}],"wp:term":[{"taxonomy":"product_brand","embeddable":true,"href":"https:\/\/thepreciselab.com\/es\/wp-json\/wp\/v2\/product_brand?post=1029"},{"taxonomy":"product_cat","embeddable":true,"href":"https:\/\/thepreciselab.com\/es\/wp-json\/wp\/v2\/product_cat?post=1029"},{"taxonomy":"product_tag","embeddable":true,"href":"https:\/\/thepreciselab.com\/es\/wp-json\/wp\/v2\/product_tag?post=1029"}],"curies":[{"name":"wp","href":"https:\/\/api.w.org\/{rel}","templated":true}]}}