{"id":1031,"date":"2024-10-01T16:55:50","date_gmt":"2024-10-01T21:55:50","guid":{"rendered":"https:\/\/thepreciselab.com\/product\/prueba-de-anticuerpos-generados-por-la-vacuna-covid19\/"},"modified":"2024-10-01T16:55:50","modified_gmt":"2024-10-01T21:55:50","slug":"prueba-de-anticuerpos-generados-por-la-vacuna-covid19","status":"publish","type":"product","link":"https:\/\/thepreciselab.com\/es\/product\/prueba-de-anticuerpos-generados-por-la-vacuna-covid19\/","title":{"rendered":"Prueba de anticuerpos generados por la vacuna COVID19"},"content":{"rendered":"<p><strong>\u00bfEn qu\u00e9 consiste?<\/strong><br \/>\nEsta prueba comprueba la presencia de anticuerpos desarrollados tras recibir la vacuna COVID-19, que ayudan a proteger contra el virus.<\/p>\n<p><strong>\u00bfCu\u00e1l es el plazo de entrega de los resultados?<\/strong><br \/>\nRecibir\u00e1s los resultados por correo electr\u00f3nico en un plazo de 2-3 d\u00edas laborables.<\/p>\n","protected":false},"excerpt":{"rendered":"<p>\u00bfEn qu\u00e9 consiste? Esta prueba comprueba la presencia de anticuerpos desarrollados tras recibir la vacuna COVID-19, que ayudan a proteger contra el virus. \u00bfCu\u00e1l es el<span class=\"excerpt-hellip\"> [\u2026]<\/span><\/p>\n","protected":false},"featured_media":0,"comment_status":"open","ping_status":"closed","template":"","meta":[],"product_brand":[],"product_cat":[67],"product_tag":[70],"class_list":{"0":"post-1031","1":"product","2":"type-product","3":"status-publish","5":"product_cat-salud-y-bienestar","6":"product_tag-salud-y-bienestar","8":"first","9":"instock","10":"shipping-taxable","11":"purchasable","12":"product-type-simple"},"_links":{"self":[{"href":"https:\/\/thepreciselab.com\/es\/wp-json\/wp\/v2\/product\/1031","targetHints":{"allow":["GET"]}}],"collection":[{"href":"https:\/\/thepreciselab.com\/es\/wp-json\/wp\/v2\/product"}],"about":[{"href":"https:\/\/thepreciselab.com\/es\/wp-json\/wp\/v2\/types\/product"}],"replies":[{"embeddable":true,"href":"https:\/\/thepreciselab.com\/es\/wp-json\/wp\/v2\/comments?post=1031"}],"wp:attachment":[{"href":"https:\/\/thepreciselab.com\/es\/wp-json\/wp\/v2\/media?parent=1031"}],"wp:term":[{"taxonomy":"product_brand","embeddable":true,"href":"https:\/\/thepreciselab.com\/es\/wp-json\/wp\/v2\/product_brand?post=1031"},{"taxonomy":"product_cat","embeddable":true,"href":"https:\/\/thepreciselab.com\/es\/wp-json\/wp\/v2\/product_cat?post=1031"},{"taxonomy":"product_tag","embeddable":true,"href":"https:\/\/thepreciselab.com\/es\/wp-json\/wp\/v2\/product_tag?post=1031"}],"curies":[{"name":"wp","href":"https:\/\/api.w.org\/{rel}","templated":true}]}}