{"id":1033,"date":"2024-10-01T16:55:10","date_gmt":"2024-10-01T21:55:10","guid":{"rendered":"https:\/\/thepreciselab.com\/product\/covid19-anticuerpo-igm-igg-prueba-rapida\/"},"modified":"2024-10-01T16:55:10","modified_gmt":"2024-10-01T21:55:10","slug":"covid19-anticuerpo-igm-igg-prueba-rapida","status":"publish","type":"product","link":"https:\/\/thepreciselab.com\/es\/product\/covid19-anticuerpo-igm-igg-prueba-rapida\/","title":{"rendered":"COVID19 (Anticuerpo &#8211; IgM\/IgG) Prueba r\u00e1pida"},"content":{"rendered":"<p><strong>\u00bfEn qu\u00e9 consiste?<\/strong><br \/>\nEsta prueba comprueba la presencia de anticuerpos IgM e IgG en tu sangre, que pueden indicar una exposici\u00f3n previa al virus COVID-19.<\/p>\n<p><strong>\u00bfCu\u00e1l es el plazo de entrega de los resultados?<\/strong><br \/>\nLos resultados se enviar\u00e1n a tu correo electr\u00f3nico registrado en un plazo de 2-3 d\u00edas laborables.<\/p>\n","protected":false},"excerpt":{"rendered":"<p>\u00bfEn qu\u00e9 consiste? Esta prueba comprueba la presencia de anticuerpos IgM e IgG en tu sangre, que pueden indicar una exposici\u00f3n previa al virus COVID-19. \u00bfCu\u00e1l<span class=\"excerpt-hellip\"> [\u2026]<\/span><\/p>\n","protected":false},"featured_media":0,"comment_status":"closed","ping_status":"closed","template":"","meta":[],"product_brand":[],"product_cat":[67],"product_tag":[],"class_list":{"0":"post-1033","1":"product","2":"type-product","3":"status-publish","5":"product_cat-salud-y-bienestar","7":"first","8":"instock","9":"shipping-taxable","10":"purchasable","11":"product-type-simple"},"_links":{"self":[{"href":"https:\/\/thepreciselab.com\/es\/wp-json\/wp\/v2\/product\/1033","targetHints":{"allow":["GET"]}}],"collection":[{"href":"https:\/\/thepreciselab.com\/es\/wp-json\/wp\/v2\/product"}],"about":[{"href":"https:\/\/thepreciselab.com\/es\/wp-json\/wp\/v2\/types\/product"}],"replies":[{"embeddable":true,"href":"https:\/\/thepreciselab.com\/es\/wp-json\/wp\/v2\/comments?post=1033"}],"wp:attachment":[{"href":"https:\/\/thepreciselab.com\/es\/wp-json\/wp\/v2\/media?parent=1033"}],"wp:term":[{"taxonomy":"product_brand","embeddable":true,"href":"https:\/\/thepreciselab.com\/es\/wp-json\/wp\/v2\/product_brand?post=1033"},{"taxonomy":"product_cat","embeddable":true,"href":"https:\/\/thepreciselab.com\/es\/wp-json\/wp\/v2\/product_cat?post=1033"},{"taxonomy":"product_tag","embeddable":true,"href":"https:\/\/thepreciselab.com\/es\/wp-json\/wp\/v2\/product_tag?post=1033"}],"curies":[{"name":"wp","href":"https:\/\/api.w.org\/{rel}","templated":true}]}}