{"id":1038,"date":"2024-10-01T16:53:14","date_gmt":"2024-10-01T21:53:14","guid":{"rendered":"https:\/\/thepreciselab.com\/product\/tiempo-de-protrombina-prueba-de-coagulacion\/"},"modified":"2024-10-01T16:53:14","modified_gmt":"2024-10-01T21:53:14","slug":"tiempo-de-protrombina-prueba-de-coagulacion","status":"publish","type":"product","link":"https:\/\/thepreciselab.com\/es\/product\/tiempo-de-protrombina-prueba-de-coagulacion\/","title":{"rendered":"Tiempo de protrombina (prueba de coagulaci\u00f3n)"},"content":{"rendered":"<p><strong>\u00bfEn qu\u00e9 consiste?<\/strong><br \/>\nEsta prueba mide el tiempo que tarda tu sangre en coagularse, siendo la protrombina una prote\u00edna clave implicada en este proceso.<\/p>\n<p><strong>\u00bfCu\u00e1l es el plazo de entrega de los resultados?<\/strong><br \/>\nLos resultados se te enviar\u00e1n por correo electr\u00f3nico en un plazo de 2-3 d\u00edas laborables.<\/p>\n","protected":false},"excerpt":{"rendered":"<p>\u00bfEn qu\u00e9 consiste? Esta prueba mide el tiempo que tarda tu sangre en coagularse, siendo la protrombina una prote\u00edna clave implicada en este proceso. \u00bfCu\u00e1l es<span class=\"excerpt-hellip\"> [\u2026]<\/span><\/p>\n","protected":false},"featured_media":0,"comment_status":"closed","ping_status":"closed","template":"","meta":[],"product_brand":[],"product_cat":[67],"product_tag":[],"class_list":{"0":"post-1038","1":"product","2":"type-product","3":"status-publish","5":"product_cat-salud-y-bienestar","7":"first","8":"instock","9":"shipping-taxable","10":"purchasable","11":"product-type-simple"},"_links":{"self":[{"href":"https:\/\/thepreciselab.com\/es\/wp-json\/wp\/v2\/product\/1038","targetHints":{"allow":["GET"]}}],"collection":[{"href":"https:\/\/thepreciselab.com\/es\/wp-json\/wp\/v2\/product"}],"about":[{"href":"https:\/\/thepreciselab.com\/es\/wp-json\/wp\/v2\/types\/product"}],"replies":[{"embeddable":true,"href":"https:\/\/thepreciselab.com\/es\/wp-json\/wp\/v2\/comments?post=1038"}],"wp:attachment":[{"href":"https:\/\/thepreciselab.com\/es\/wp-json\/wp\/v2\/media?parent=1038"}],"wp:term":[{"taxonomy":"product_brand","embeddable":true,"href":"https:\/\/thepreciselab.com\/es\/wp-json\/wp\/v2\/product_brand?post=1038"},{"taxonomy":"product_cat","embeddable":true,"href":"https:\/\/thepreciselab.com\/es\/wp-json\/wp\/v2\/product_cat?post=1038"},{"taxonomy":"product_tag","embeddable":true,"href":"https:\/\/thepreciselab.com\/es\/wp-json\/wp\/v2\/product_tag?post=1038"}],"curies":[{"name":"wp","href":"https:\/\/api.w.org\/{rel}","templated":true}]}}