{"id":1044,"date":"2024-10-01T16:51:42","date_gmt":"2024-10-01T21:51:42","guid":{"rendered":"https:\/\/thepreciselab.com\/product\/panel-de-colesterol-lipidos\/"},"modified":"2024-10-01T16:51:42","modified_gmt":"2024-10-01T21:51:42","slug":"panel-de-colesterol-lipidos","status":"publish","type":"product","link":"https:\/\/thepreciselab.com\/es\/product\/panel-de-colesterol-lipidos\/","title":{"rendered":"Panel de colesterol (l\u00edpidos)"},"content":{"rendered":"<p><strong>\u00bfQu\u00e9 es?<\/strong><br \/>\nUn panel de colesterol o l\u00edpidos mide la cantidad de colesterol y triglic\u00e9ridos en la sangre.<\/p>\n<p><strong>\u00bfCu\u00e1l es el plazo de entrega de los resultados?<\/strong><br \/>\nLos resultados se entregar\u00e1n en un plazo de 2-3 d\u00edas laborables por correo electr\u00f3nico.<\/p>\n","protected":false},"excerpt":{"rendered":"<p>\u00bfQu\u00e9 es? Un panel de colesterol o l\u00edpidos mide la cantidad de colesterol y triglic\u00e9ridos en la sangre. \u00bfCu\u00e1l es el plazo de entrega de los<span class=\"excerpt-hellip\"> [\u2026]<\/span><\/p>\n","protected":false},"featured_media":0,"comment_status":"closed","ping_status":"closed","template":"","meta":[],"product_brand":[],"product_cat":[67],"product_tag":[],"class_list":{"0":"post-1044","1":"product","2":"type-product","3":"status-publish","5":"product_cat-salud-y-bienestar","7":"first","8":"instock","9":"shipping-taxable","10":"purchasable","11":"product-type-simple"},"_links":{"self":[{"href":"https:\/\/thepreciselab.com\/es\/wp-json\/wp\/v2\/product\/1044","targetHints":{"allow":["GET"]}}],"collection":[{"href":"https:\/\/thepreciselab.com\/es\/wp-json\/wp\/v2\/product"}],"about":[{"href":"https:\/\/thepreciselab.com\/es\/wp-json\/wp\/v2\/types\/product"}],"replies":[{"embeddable":true,"href":"https:\/\/thepreciselab.com\/es\/wp-json\/wp\/v2\/comments?post=1044"}],"wp:attachment":[{"href":"https:\/\/thepreciselab.com\/es\/wp-json\/wp\/v2\/media?parent=1044"}],"wp:term":[{"taxonomy":"product_brand","embeddable":true,"href":"https:\/\/thepreciselab.com\/es\/wp-json\/wp\/v2\/product_brand?post=1044"},{"taxonomy":"product_cat","embeddable":true,"href":"https:\/\/thepreciselab.com\/es\/wp-json\/wp\/v2\/product_cat?post=1044"},{"taxonomy":"product_tag","embeddable":true,"href":"https:\/\/thepreciselab.com\/es\/wp-json\/wp\/v2\/product_tag?post=1044"}],"curies":[{"name":"wp","href":"https:\/\/api.w.org\/{rel}","templated":true}]}}