{"id":1048,"date":"2024-10-01T16:50:41","date_gmt":"2024-10-01T21:50:41","guid":{"rendered":"https:\/\/thepreciselab.com\/product\/panel-tiroideo-basico\/"},"modified":"2024-10-01T16:50:41","modified_gmt":"2024-10-01T21:50:41","slug":"panel-tiroideo-basico","status":"publish","type":"product","link":"https:\/\/thepreciselab.com\/es\/product\/panel-tiroideo-basico\/","title":{"rendered":"Panel tiroideo b\u00e1sico"},"content":{"rendered":"<p><strong>\u00bfQu\u00e9 pruebas se realizan?<\/strong><\/p>\n<ul>\n<li>Hormona estimulante del tiroides (TSH)<\/li>\n<li>T4 total<\/li>\n<li>Captaci\u00f3n de T3<\/li>\n<\/ul>\n<p><strong>\u00bfCu\u00e1l es el plazo de entrega de los resultados?<\/strong><br \/>\nLos resultados se enviar\u00e1n a tu correo electr\u00f3nico registrado en un plazo de 2-3 d\u00edas laborables.<\/p>\n","protected":false},"excerpt":{"rendered":"<p>\u00bfQu\u00e9 pruebas se realizan? Hormona estimulante del tiroides (TSH) T4 total Captaci\u00f3n de T3 \u00bfCu\u00e1l es el plazo de entrega de los resultados? Los resultados se<span class=\"excerpt-hellip\"> [\u2026]<\/span><\/p>\n","protected":false},"featured_media":0,"comment_status":"closed","ping_status":"closed","template":"","meta":[],"product_brand":[],"product_cat":[67],"product_tag":[],"class_list":{"0":"post-1048","1":"product","2":"type-product","3":"status-publish","5":"product_cat-salud-y-bienestar","7":"first","8":"instock","9":"shipping-taxable","10":"purchasable","11":"product-type-simple"},"_links":{"self":[{"href":"https:\/\/thepreciselab.com\/es\/wp-json\/wp\/v2\/product\/1048","targetHints":{"allow":["GET"]}}],"collection":[{"href":"https:\/\/thepreciselab.com\/es\/wp-json\/wp\/v2\/product"}],"about":[{"href":"https:\/\/thepreciselab.com\/es\/wp-json\/wp\/v2\/types\/product"}],"replies":[{"embeddable":true,"href":"https:\/\/thepreciselab.com\/es\/wp-json\/wp\/v2\/comments?post=1048"}],"wp:attachment":[{"href":"https:\/\/thepreciselab.com\/es\/wp-json\/wp\/v2\/media?parent=1048"}],"wp:term":[{"taxonomy":"product_brand","embeddable":true,"href":"https:\/\/thepreciselab.com\/es\/wp-json\/wp\/v2\/product_brand?post=1048"},{"taxonomy":"product_cat","embeddable":true,"href":"https:\/\/thepreciselab.com\/es\/wp-json\/wp\/v2\/product_cat?post=1048"},{"taxonomy":"product_tag","embeddable":true,"href":"https:\/\/thepreciselab.com\/es\/wp-json\/wp\/v2\/product_tag?post=1048"}],"curies":[{"name":"wp","href":"https:\/\/api.w.org\/{rel}","templated":true}]}}