{"id":1049,"date":"2024-10-01T16:50:17","date_gmt":"2024-10-01T21:50:17","guid":{"rendered":"https:\/\/thepreciselab.com\/product\/panel-de-anemia\/"},"modified":"2024-10-01T16:50:17","modified_gmt":"2024-10-01T21:50:17","slug":"panel-de-anemia","status":"publish","type":"product","link":"https:\/\/thepreciselab.com\/es\/product\/panel-de-anemia\/","title":{"rendered":"Panel de anemia"},"content":{"rendered":"<p><strong>\u00bfQu\u00e9 pruebas se realizan?<\/strong><\/p>\n<ul>\n<li>Recuento sangu\u00edneo completo<\/li>\n<li>Ferritina<\/li>\n<li>Hierro y capacidad total de enlace<\/li>\n<li>Recuento de reticulocitos<\/li>\n<li>Pruebas de vitamina B12 y \u00e1cido f\u00f3lico<\/li>\n<\/ul>\n<p><strong>\u00bfCu\u00e1l es el plazo de entrega de los resultados?<\/strong><br \/>\nLos resultados suelen estar disponibles en 2-3 d\u00edas laborables y se enviar\u00e1n por correo electr\u00f3nico.<\/p>\n","protected":false},"excerpt":{"rendered":"<p>\u00bfQu\u00e9 pruebas se realizan? Recuento sangu\u00edneo completo Ferritina Hierro y capacidad total de enlace Recuento de reticulocitos Pruebas de vitamina B12 y \u00e1cido f\u00f3lico \u00bfCu\u00e1l es<span class=\"excerpt-hellip\"> [\u2026]<\/span><\/p>\n","protected":false},"featured_media":0,"comment_status":"closed","ping_status":"closed","template":"","meta":[],"product_brand":[],"product_cat":[67],"product_tag":[],"class_list":{"0":"post-1049","1":"product","2":"type-product","3":"status-publish","5":"product_cat-salud-y-bienestar","7":"first","8":"instock","9":"shipping-taxable","10":"purchasable","11":"product-type-simple"},"_links":{"self":[{"href":"https:\/\/thepreciselab.com\/es\/wp-json\/wp\/v2\/product\/1049","targetHints":{"allow":["GET"]}}],"collection":[{"href":"https:\/\/thepreciselab.com\/es\/wp-json\/wp\/v2\/product"}],"about":[{"href":"https:\/\/thepreciselab.com\/es\/wp-json\/wp\/v2\/types\/product"}],"replies":[{"embeddable":true,"href":"https:\/\/thepreciselab.com\/es\/wp-json\/wp\/v2\/comments?post=1049"}],"wp:attachment":[{"href":"https:\/\/thepreciselab.com\/es\/wp-json\/wp\/v2\/media?parent=1049"}],"wp:term":[{"taxonomy":"product_brand","embeddable":true,"href":"https:\/\/thepreciselab.com\/es\/wp-json\/wp\/v2\/product_brand?post=1049"},{"taxonomy":"product_cat","embeddable":true,"href":"https:\/\/thepreciselab.com\/es\/wp-json\/wp\/v2\/product_cat?post=1049"},{"taxonomy":"product_tag","embeddable":true,"href":"https:\/\/thepreciselab.com\/es\/wp-json\/wp\/v2\/product_tag?post=1049"}],"curies":[{"name":"wp","href":"https:\/\/api.w.org\/{rel}","templated":true}]}}