{"id":1052,"date":"2024-10-01T16:49:35","date_gmt":"2024-10-01T21:49:35","guid":{"rendered":"https:\/\/thepreciselab.com\/product\/panel-de-deteccion-de-artritis\/"},"modified":"2024-10-01T16:49:35","modified_gmt":"2024-10-01T21:49:35","slug":"panel-de-deteccion-de-artritis","status":"publish","type":"product","link":"https:\/\/thepreciselab.com\/es\/product\/panel-de-deteccion-de-artritis\/","title":{"rendered":"Panel de detecci\u00f3n de artritis"},"content":{"rendered":"<p><strong>\u00bfQu\u00e9 pruebas se realizan?<\/strong><\/p>\n<ul>\n<li>Hemograma completo (CBC)<\/li>\n<li>Panel Metab\u00f3lico Integral (PMI)<\/li>\n<li>Prote\u00edna C reactiva (alta sensibilidad)<\/li>\n<li>Factor reumatoide<\/li>\n<li>Anticuerpos antinucleares<\/li>\n<\/ul>\n<p><strong>\u00bfCu\u00e1l es el plazo de entrega de los resultados?<\/strong><br \/>\nTe enviaremos los resultados por correo electr\u00f3nico en 2-3 d\u00edas laborables.<\/p>\n","protected":false},"excerpt":{"rendered":"<p>\u00bfQu\u00e9 pruebas se realizan? Hemograma completo (CBC) Panel Metab\u00f3lico Integral (PMI) Prote\u00edna C reactiva (alta sensibilidad) Factor reumatoide Anticuerpos antinucleares \u00bfCu\u00e1l es el plazo de entrega<span class=\"excerpt-hellip\"> [\u2026]<\/span><\/p>\n","protected":false},"featured_media":0,"comment_status":"closed","ping_status":"closed","template":"","meta":[],"product_brand":[],"product_cat":[67],"product_tag":[],"class_list":{"0":"post-1052","1":"product","2":"type-product","3":"status-publish","5":"product_cat-salud-y-bienestar","7":"first","8":"instock","9":"shipping-taxable","10":"purchasable","11":"product-type-simple"},"_links":{"self":[{"href":"https:\/\/thepreciselab.com\/es\/wp-json\/wp\/v2\/product\/1052","targetHints":{"allow":["GET"]}}],"collection":[{"href":"https:\/\/thepreciselab.com\/es\/wp-json\/wp\/v2\/product"}],"about":[{"href":"https:\/\/thepreciselab.com\/es\/wp-json\/wp\/v2\/types\/product"}],"replies":[{"embeddable":true,"href":"https:\/\/thepreciselab.com\/es\/wp-json\/wp\/v2\/comments?post=1052"}],"wp:attachment":[{"href":"https:\/\/thepreciselab.com\/es\/wp-json\/wp\/v2\/media?parent=1052"}],"wp:term":[{"taxonomy":"product_brand","embeddable":true,"href":"https:\/\/thepreciselab.com\/es\/wp-json\/wp\/v2\/product_brand?post=1052"},{"taxonomy":"product_cat","embeddable":true,"href":"https:\/\/thepreciselab.com\/es\/wp-json\/wp\/v2\/product_cat?post=1052"},{"taxonomy":"product_tag","embeddable":true,"href":"https:\/\/thepreciselab.com\/es\/wp-json\/wp\/v2\/product_tag?post=1052"}],"curies":[{"name":"wp","href":"https:\/\/api.w.org\/{rel}","templated":true}]}}