{"id":1053,"date":"2024-10-01T16:49:20","date_gmt":"2024-10-01T21:49:20","guid":{"rendered":"https:\/\/thepreciselab.com\/product\/panel-integral-de-salud-masculina\/"},"modified":"2024-10-01T16:49:20","modified_gmt":"2024-10-01T21:49:20","slug":"panel-integral-de-salud-masculina","status":"publish","type":"product","link":"https:\/\/thepreciselab.com\/es\/product\/panel-integral-de-salud-masculina\/","title":{"rendered":"Panel integral de salud masculina"},"content":{"rendered":"<p><strong>\u00bfQu\u00e9 pruebas se realizan?<\/strong><\/p>\n<ul>\n<li>Hemograma con diferencial\/plaquetas<\/li>\n<li>Panel metab\u00f3lico completo<\/li>\n<li>Panel de colesterol (l\u00edpidos)<\/li>\n<li>PSA (Ant\u00edgeno Prost\u00e1tico Espec\u00edfico)<\/li>\n<li>Testosterona (libre y total)<\/li>\n<li>TSH (Hormona Estimulante de la Tiroides)<\/li>\n<li>HbA1C (Hemoglobina A1C)<\/li>\n<li>Sulfato de DHEA (para evaluar la funci\u00f3n de las gl\u00e1ndulas suprarrenales)<\/li>\n<\/ul>\n<p><strong>\u00bfCu\u00e1l es el plazo de entrega de los resultados?<\/strong><br \/>\nLos resultados est\u00e1n disponibles en 2-3 d\u00edas laborables por correo electr\u00f3nico.<\/p>\n","protected":false},"excerpt":{"rendered":"<p>\u00bfQu\u00e9 pruebas se realizan? Hemograma con diferencial\/plaquetas Panel metab\u00f3lico completo Panel de colesterol (l\u00edpidos) PSA (Ant\u00edgeno Prost\u00e1tico Espec\u00edfico) Testosterona (libre y total) TSH (Hormona Estimulante de<span class=\"excerpt-hellip\"> [\u2026]<\/span><\/p>\n","protected":false},"featured_media":0,"comment_status":"closed","ping_status":"closed","template":"","meta":[],"product_brand":[],"product_cat":[67],"product_tag":[],"class_list":{"0":"post-1053","1":"product","2":"type-product","3":"status-publish","5":"product_cat-salud-y-bienestar","7":"first","8":"instock","9":"shipping-taxable","10":"purchasable","11":"product-type-simple"},"_links":{"self":[{"href":"https:\/\/thepreciselab.com\/es\/wp-json\/wp\/v2\/product\/1053","targetHints":{"allow":["GET"]}}],"collection":[{"href":"https:\/\/thepreciselab.com\/es\/wp-json\/wp\/v2\/product"}],"about":[{"href":"https:\/\/thepreciselab.com\/es\/wp-json\/wp\/v2\/types\/product"}],"replies":[{"embeddable":true,"href":"https:\/\/thepreciselab.com\/es\/wp-json\/wp\/v2\/comments?post=1053"}],"wp:attachment":[{"href":"https:\/\/thepreciselab.com\/es\/wp-json\/wp\/v2\/media?parent=1053"}],"wp:term":[{"taxonomy":"product_brand","embeddable":true,"href":"https:\/\/thepreciselab.com\/es\/wp-json\/wp\/v2\/product_brand?post=1053"},{"taxonomy":"product_cat","embeddable":true,"href":"https:\/\/thepreciselab.com\/es\/wp-json\/wp\/v2\/product_cat?post=1053"},{"taxonomy":"product_tag","embeddable":true,"href":"https:\/\/thepreciselab.com\/es\/wp-json\/wp\/v2\/product_tag?post=1053"}],"curies":[{"name":"wp","href":"https:\/\/api.w.org\/{rel}","templated":true}]}}