{"id":1054,"date":"2024-10-01T16:48:48","date_gmt":"2024-10-01T21:48:48","guid":{"rendered":"https:\/\/thepreciselab.com\/product\/panel-de-pruebas-de-diabetes\/"},"modified":"2024-10-01T16:48:48","modified_gmt":"2024-10-01T21:48:48","slug":"panel-de-pruebas-de-diabetes","status":"publish","type":"product","link":"https:\/\/thepreciselab.com\/es\/product\/panel-de-pruebas-de-diabetes\/","title":{"rendered":"Panel de pruebas de diabetes"},"content":{"rendered":"<p><strong>\u00bfQu\u00e9 pruebas se realizan?<\/strong><\/p>\n<ul>\n<li>Hemograma completo (CBC)<\/li>\n<li>Panel Metab\u00f3lico Integral (PMI)<\/li>\n<li>Hemoglobina A1c (HbA1C)<\/li>\n<li>An\u00e1lisis de orina para diab\u00e9ticos<\/li>\n<\/ul>\n<p><strong>\u00bfCu\u00e1l es el plazo de entrega de los resultados?<\/strong><br \/>\nLos resultados se enviar\u00e1n a tu correo electr\u00f3nico en 2-3 d\u00edas laborables.<\/p>\n","protected":false},"excerpt":{"rendered":"<p>\u00bfQu\u00e9 pruebas se realizan? Hemograma completo (CBC) Panel Metab\u00f3lico Integral (PMI) Hemoglobina A1c (HbA1C) An\u00e1lisis de orina para diab\u00e9ticos \u00bfCu\u00e1l es el plazo de entrega de<span class=\"excerpt-hellip\"> [\u2026]<\/span><\/p>\n","protected":false},"featured_media":0,"comment_status":"closed","ping_status":"closed","template":"","meta":[],"product_brand":[],"product_cat":[67],"product_tag":[],"class_list":{"0":"post-1054","1":"product","2":"type-product","3":"status-publish","5":"product_cat-salud-y-bienestar","7":"first","8":"instock","9":"shipping-taxable","10":"purchasable","11":"product-type-simple"},"_links":{"self":[{"href":"https:\/\/thepreciselab.com\/es\/wp-json\/wp\/v2\/product\/1054","targetHints":{"allow":["GET"]}}],"collection":[{"href":"https:\/\/thepreciselab.com\/es\/wp-json\/wp\/v2\/product"}],"about":[{"href":"https:\/\/thepreciselab.com\/es\/wp-json\/wp\/v2\/types\/product"}],"replies":[{"embeddable":true,"href":"https:\/\/thepreciselab.com\/es\/wp-json\/wp\/v2\/comments?post=1054"}],"wp:attachment":[{"href":"https:\/\/thepreciselab.com\/es\/wp-json\/wp\/v2\/media?parent=1054"}],"wp:term":[{"taxonomy":"product_brand","embeddable":true,"href":"https:\/\/thepreciselab.com\/es\/wp-json\/wp\/v2\/product_brand?post=1054"},{"taxonomy":"product_cat","embeddable":true,"href":"https:\/\/thepreciselab.com\/es\/wp-json\/wp\/v2\/product_cat?post=1054"},{"taxonomy":"product_tag","embeddable":true,"href":"https:\/\/thepreciselab.com\/es\/wp-json\/wp\/v2\/product_tag?post=1054"}],"curies":[{"name":"wp","href":"https:\/\/api.w.org\/{rel}","templated":true}]}}