{"id":1056,"date":"2024-10-01T16:48:23","date_gmt":"2024-10-01T21:48:23","guid":{"rendered":"https:\/\/thepreciselab.com\/product\/chequeo-anual-pruebas-de-laboratorio-hombre-o-mujer\/"},"modified":"2024-10-01T16:48:23","modified_gmt":"2024-10-01T21:48:23","slug":"chequeo-anual-pruebas-de-laboratorio-hombre-o-mujer","status":"publish","type":"product","link":"https:\/\/thepreciselab.com\/es\/product\/chequeo-anual-pruebas-de-laboratorio-hombre-o-mujer\/","title":{"rendered":"Chequeo anual Pruebas de laboratorio (hombre o mujer)"},"content":{"rendered":"<p><strong>\u00bfQu\u00e9 pruebas se realizan?<\/strong><\/p>\n<ul>\n<li>Hemograma completo (CBC)<\/li>\n<li>Colesterol L\u00edpido con Relaci\u00f3n (Panel L\u00edpido)<\/li>\n<li>Hormona estimulante del tiroides (TSH)<\/li>\n<li>Panel Metab\u00f3lico Integral (PMI)<\/li>\n<li>Hemoglobina A1c (HbA1C)<\/li>\n<\/ul>\n<p><strong>\u00bfCu\u00e1l es el plazo de entrega de los resultados?<\/strong><br \/>\nLos resultados suelen estar disponibles en 2-3 d\u00edas laborables y se env\u00edan a tu correo electr\u00f3nico registrado.<\/p>\n","protected":false},"excerpt":{"rendered":"<p>\u00bfQu\u00e9 pruebas se realizan? Hemograma completo (CBC) Colesterol L\u00edpido con Relaci\u00f3n (Panel L\u00edpido) Hormona estimulante del tiroides (TSH) Panel Metab\u00f3lico Integral (PMI) Hemoglobina A1c (HbA1C) \u00bfCu\u00e1l<span class=\"excerpt-hellip\"> [\u2026]<\/span><\/p>\n","protected":false},"featured_media":0,"comment_status":"closed","ping_status":"closed","template":"","meta":[],"product_brand":[],"product_cat":[67],"product_tag":[],"class_list":{"0":"post-1056","1":"product","2":"type-product","3":"status-publish","5":"product_cat-salud-y-bienestar","7":"first","8":"instock","9":"shipping-taxable","10":"purchasable","11":"product-type-simple"},"_links":{"self":[{"href":"https:\/\/thepreciselab.com\/es\/wp-json\/wp\/v2\/product\/1056","targetHints":{"allow":["GET"]}}],"collection":[{"href":"https:\/\/thepreciselab.com\/es\/wp-json\/wp\/v2\/product"}],"about":[{"href":"https:\/\/thepreciselab.com\/es\/wp-json\/wp\/v2\/types\/product"}],"replies":[{"embeddable":true,"href":"https:\/\/thepreciselab.com\/es\/wp-json\/wp\/v2\/comments?post=1056"}],"wp:attachment":[{"href":"https:\/\/thepreciselab.com\/es\/wp-json\/wp\/v2\/media?parent=1056"}],"wp:term":[{"taxonomy":"product_brand","embeddable":true,"href":"https:\/\/thepreciselab.com\/es\/wp-json\/wp\/v2\/product_brand?post=1056"},{"taxonomy":"product_cat","embeddable":true,"href":"https:\/\/thepreciselab.com\/es\/wp-json\/wp\/v2\/product_cat?post=1056"},{"taxonomy":"product_tag","embeddable":true,"href":"https:\/\/thepreciselab.com\/es\/wp-json\/wp\/v2\/product_tag?post=1056"}],"curies":[{"name":"wp","href":"https:\/\/api.w.org\/{rel}","templated":true}]}}