{"id":1073,"date":"2024-10-01T16:47:06","date_gmt":"2024-10-01T21:47:06","guid":{"rendered":"https:\/\/thepreciselab.com\/product\/hepatitis-b\/"},"modified":"2024-10-01T16:47:06","modified_gmt":"2024-10-01T21:47:06","slug":"hepatitis-b","status":"publish","type":"product","link":"https:\/\/thepreciselab.com\/es\/product\/hepatitis-b\/","title":{"rendered":"Hepatitis B"},"content":{"rendered":"<p><strong>\u00bfQu\u00e9 es?<\/strong><br \/>\nLa hepatitis se refiere a la inflamaci\u00f3n del h\u00edgado y puede estar causada por virus, toxinas, alcohol u otras afecciones m\u00e9dicas. Los tipos m\u00e1s comunes en EE.UU. son las hepatitis A, B y C, que son infecciones v\u00edricas que afectan al h\u00edgado. La hepatitis A suele ser una enfermedad de corta duraci\u00f3n, mientras que las hepatitis B y C pueden hacerse cr\u00f3nicas si no se tratan. Existen vacunas contra las hepatitis A y B, pero no hay vacuna contra la hepatitis C.   <\/p>\n<p><strong>\u00bfCu\u00e1l es el plazo de entrega de los resultados?<\/strong><br \/>\nRecibir\u00e1s los resultados en 2-3 d\u00edas laborables por correo electr\u00f3nico.<\/p>\n<p><strong>\u00bfQu\u00e9 debes llevar a la cita para la prueba?<\/strong><br \/>\nAcude al laboratorio a la hora programada.<\/p>\n","protected":false},"excerpt":{"rendered":"<p>\u00bfQu\u00e9 es? La hepatitis se refiere a la inflamaci\u00f3n del h\u00edgado y puede estar causada por virus, toxinas, alcohol u otras afecciones m\u00e9dicas. Los tipos m\u00e1s<span class=\"excerpt-hellip\"> [\u2026]<\/span><\/p>\n","protected":false},"featured_media":0,"comment_status":"closed","ping_status":"closed","template":"","meta":[],"product_brand":[],"product_cat":[68],"product_tag":[],"class_list":{"0":"post-1073","1":"product","2":"type-product","3":"status-publish","5":"product_cat-pruebas-de-ets","7":"first","8":"instock","9":"shipping-taxable","10":"purchasable","11":"product-type-simple"},"_links":{"self":[{"href":"https:\/\/thepreciselab.com\/es\/wp-json\/wp\/v2\/product\/1073","targetHints":{"allow":["GET"]}}],"collection":[{"href":"https:\/\/thepreciselab.com\/es\/wp-json\/wp\/v2\/product"}],"about":[{"href":"https:\/\/thepreciselab.com\/es\/wp-json\/wp\/v2\/types\/product"}],"replies":[{"embeddable":true,"href":"https:\/\/thepreciselab.com\/es\/wp-json\/wp\/v2\/comments?post=1073"}],"wp:attachment":[{"href":"https:\/\/thepreciselab.com\/es\/wp-json\/wp\/v2\/media?parent=1073"}],"wp:term":[{"taxonomy":"product_brand","embeddable":true,"href":"https:\/\/thepreciselab.com\/es\/wp-json\/wp\/v2\/product_brand?post=1073"},{"taxonomy":"product_cat","embeddable":true,"href":"https:\/\/thepreciselab.com\/es\/wp-json\/wp\/v2\/product_cat?post=1073"},{"taxonomy":"product_tag","embeddable":true,"href":"https:\/\/thepreciselab.com\/es\/wp-json\/wp\/v2\/product_tag?post=1073"}],"curies":[{"name":"wp","href":"https:\/\/api.w.org\/{rel}","templated":true}]}}