{"id":1076,"date":"2024-10-01T16:46:27","date_gmt":"2024-10-01T21:46:27","guid":{"rendered":"https:\/\/thepreciselab.com\/product\/herpes-i-y-ii-vhs-1-y-vhs-2\/"},"modified":"2024-10-01T16:46:27","modified_gmt":"2024-10-01T21:46:27","slug":"herpes-i-y-ii-vhs-1-y-vhs-2","status":"publish","type":"product","link":"https:\/\/thepreciselab.com\/es\/product\/herpes-i-y-ii-vhs-1-y-vhs-2\/","title":{"rendered":"Herpes I y II (VHS 1 y VHS 2)"},"content":{"rendered":"<p><strong>\u00bfQu\u00e9 es?<\/strong><br \/>\nEl herpes est\u00e1 causado por el Virus Simple Humano (VHS), y hay dos tipos: VHS1, que causa el herpes oral (herpes labial), y VHS2, que causa el herpes genital. Muchas personas con herpes pueden no tener s\u00edntomas, pero cuando \u00e9stos aparecen, pueden incluir ampollas dolorosas. No hay cura para el herpes, pero existen tratamientos para controlar los s\u00edntomas. El herpes es una infecci\u00f3n frecuente tanto en hombres como en mujeres.   <\/p>\n<p><strong>\u00bfCu\u00e1l es el plazo de entrega de los resultados?<\/strong><br \/>\nLos resultados suelen estar disponibles en 2-3 d\u00edas laborables y se enviar\u00e1n a tu direcci\u00f3n de correo electr\u00f3nico registrada.<\/p>\n<p><strong>\u00bfQu\u00e9 debes llevar a la cita para la prueba?<\/strong><br \/>\nAseg\u00farate de acudir al laboratorio a la hora programada.<\/p>\n","protected":false},"excerpt":{"rendered":"<p>\u00bfQu\u00e9 es? El herpes est\u00e1 causado por el Virus Simple Humano (VHS), y hay dos tipos: VHS1, que causa el herpes oral (herpes labial), y VHS2,<span class=\"excerpt-hellip\"> [\u2026]<\/span><\/p>\n","protected":false},"featured_media":0,"comment_status":"closed","ping_status":"closed","template":"","meta":[],"product_brand":[],"product_cat":[68],"product_tag":[],"class_list":{"0":"post-1076","1":"product","2":"type-product","3":"status-publish","5":"product_cat-pruebas-de-ets","7":"first","8":"instock","9":"shipping-taxable","10":"purchasable","11":"product-type-simple"},"_links":{"self":[{"href":"https:\/\/thepreciselab.com\/es\/wp-json\/wp\/v2\/product\/1076","targetHints":{"allow":["GET"]}}],"collection":[{"href":"https:\/\/thepreciselab.com\/es\/wp-json\/wp\/v2\/product"}],"about":[{"href":"https:\/\/thepreciselab.com\/es\/wp-json\/wp\/v2\/types\/product"}],"replies":[{"embeddable":true,"href":"https:\/\/thepreciselab.com\/es\/wp-json\/wp\/v2\/comments?post=1076"}],"wp:attachment":[{"href":"https:\/\/thepreciselab.com\/es\/wp-json\/wp\/v2\/media?parent=1076"}],"wp:term":[{"taxonomy":"product_brand","embeddable":true,"href":"https:\/\/thepreciselab.com\/es\/wp-json\/wp\/v2\/product_brand?post=1076"},{"taxonomy":"product_cat","embeddable":true,"href":"https:\/\/thepreciselab.com\/es\/wp-json\/wp\/v2\/product_cat?post=1076"},{"taxonomy":"product_tag","embeddable":true,"href":"https:\/\/thepreciselab.com\/es\/wp-json\/wp\/v2\/product_tag?post=1076"}],"curies":[{"name":"wp","href":"https:\/\/api.w.org\/{rel}","templated":true}]}}