{"id":1078,"date":"2024-10-01T16:45:46","date_gmt":"2024-10-01T21:45:46","guid":{"rendered":"https:\/\/thepreciselab.com\/product\/clamidia\/"},"modified":"2024-10-01T16:45:46","modified_gmt":"2024-10-01T21:45:46","slug":"clamidia","status":"publish","type":"product","link":"https:\/\/thepreciselab.com\/es\/product\/clamidia\/","title":{"rendered":"Clamidia"},"content":{"rendered":"<p><strong>\u00bfQu\u00e9 es?<\/strong><br \/>\nLa clamidia es una de las ITS m\u00e1s comunes, sobre todo entre los j\u00f3venes y adolescentes sexualmente activos. La mayor\u00eda de las personas con clamidia no experimentan ning\u00fan s\u00edntoma, lo que facilita el contagio sin saberlo. Es importante hacerse pruebas regularmente, sobre todo las mujeres j\u00f3venes sexualmente activas. La clamidia es tratable, pero si no se trata, puede provocar problemas de salud m\u00e1s graves.   <\/p>\n<p><strong>\u00bfCu\u00e1l es el plazo de entrega de los resultados?<\/strong><br \/>\nRecibir\u00e1s los resultados en 2-3 d\u00edas laborables por correo electr\u00f3nico.<\/p>\n<p><strong>\u00bfQu\u00e9 debes llevar a la cita para la prueba?<\/strong><br \/>\nPor favor, acude a tu cita en el laboratorio.<\/p>\n","protected":false},"excerpt":{"rendered":"<p>\u00bfQu\u00e9 es? La clamidia es una de las ITS m\u00e1s comunes, sobre todo entre los j\u00f3venes y adolescentes sexualmente activos. La mayor\u00eda de las personas con<span class=\"excerpt-hellip\"> [\u2026]<\/span><\/p>\n","protected":false},"featured_media":0,"comment_status":"closed","ping_status":"closed","template":"","meta":[],"product_brand":[],"product_cat":[68],"product_tag":[],"class_list":{"0":"post-1078","1":"product","2":"type-product","3":"status-publish","5":"product_cat-pruebas-de-ets","7":"first","8":"instock","9":"shipping-taxable","10":"purchasable","11":"product-type-simple"},"_links":{"self":[{"href":"https:\/\/thepreciselab.com\/es\/wp-json\/wp\/v2\/product\/1078","targetHints":{"allow":["GET"]}}],"collection":[{"href":"https:\/\/thepreciselab.com\/es\/wp-json\/wp\/v2\/product"}],"about":[{"href":"https:\/\/thepreciselab.com\/es\/wp-json\/wp\/v2\/types\/product"}],"replies":[{"embeddable":true,"href":"https:\/\/thepreciselab.com\/es\/wp-json\/wp\/v2\/comments?post=1078"}],"wp:attachment":[{"href":"https:\/\/thepreciselab.com\/es\/wp-json\/wp\/v2\/media?parent=1078"}],"wp:term":[{"taxonomy":"product_brand","embeddable":true,"href":"https:\/\/thepreciselab.com\/es\/wp-json\/wp\/v2\/product_brand?post=1078"},{"taxonomy":"product_cat","embeddable":true,"href":"https:\/\/thepreciselab.com\/es\/wp-json\/wp\/v2\/product_cat?post=1078"},{"taxonomy":"product_tag","embeddable":true,"href":"https:\/\/thepreciselab.com\/es\/wp-json\/wp\/v2\/product_tag?post=1078"}],"curies":[{"name":"wp","href":"https:\/\/api.w.org\/{rel}","templated":true}]}}