{"id":1079,"date":"2024-10-01T16:45:27","date_gmt":"2024-10-01T21:45:27","guid":{"rendered":"https:\/\/thepreciselab.com\/product\/gonorrea\/"},"modified":"2024-10-01T16:45:27","modified_gmt":"2024-10-01T21:45:27","slug":"gonorrea","status":"publish","type":"product","link":"https:\/\/thepreciselab.com\/es\/product\/gonorrea\/","title":{"rendered":"Gonorrea"},"content":{"rendered":"<p><strong>\u00bfQu\u00e9 es?<\/strong><br \/>\nLa gonorrea es una infecci\u00f3n de transmisi\u00f3n sexual (ITS) que puede afectar a cualquier persona sexualmente activa. Es especialmente frecuente entre adolescentes y adultos j\u00f3venes. Muchas personas con gonorrea pueden no mostrar s\u00edntomas, especialmente las mujeres, lo que permite que la infecci\u00f3n se propague sin saberlo. Si no se trata, la gonorrea puede causar graves complicaciones de salud, pero es curable con el tratamiento m\u00e9dico adecuado.   <\/p>\n<p><strong>\u00bfCu\u00e1l es el plazo de entrega de los resultados?<\/strong><br \/>\nLos resultados suelen estar disponibles en 2-3 d\u00edas laborables y se enviar\u00e1n a tu direcci\u00f3n de correo electr\u00f3nico registrada.<\/p>\n<p><strong>\u00bfQu\u00e9 debes llevar a la cita para la prueba?<\/strong><br \/>\nS\u00f3lo tienes que asegurarte de llegar al laboratorio para la cita programada.<\/p>\n","protected":false},"excerpt":{"rendered":"<p>\u00bfQu\u00e9 es? La gonorrea es una infecci\u00f3n de transmisi\u00f3n sexual (ITS) que puede afectar a cualquier persona sexualmente activa. Es especialmente frecuente entre adolescentes y adultos<span class=\"excerpt-hellip\"> [\u2026]<\/span><\/p>\n","protected":false},"featured_media":0,"comment_status":"closed","ping_status":"closed","template":"","meta":[],"product_brand":[],"product_cat":[68],"product_tag":[],"class_list":{"0":"post-1079","1":"product","2":"type-product","3":"status-publish","5":"product_cat-pruebas-de-ets","7":"first","8":"instock","9":"shipping-taxable","10":"purchasable","11":"product-type-simple"},"_links":{"self":[{"href":"https:\/\/thepreciselab.com\/es\/wp-json\/wp\/v2\/product\/1079","targetHints":{"allow":["GET"]}}],"collection":[{"href":"https:\/\/thepreciselab.com\/es\/wp-json\/wp\/v2\/product"}],"about":[{"href":"https:\/\/thepreciselab.com\/es\/wp-json\/wp\/v2\/types\/product"}],"replies":[{"embeddable":true,"href":"https:\/\/thepreciselab.com\/es\/wp-json\/wp\/v2\/comments?post=1079"}],"wp:attachment":[{"href":"https:\/\/thepreciselab.com\/es\/wp-json\/wp\/v2\/media?parent=1079"}],"wp:term":[{"taxonomy":"product_brand","embeddable":true,"href":"https:\/\/thepreciselab.com\/es\/wp-json\/wp\/v2\/product_brand?post=1079"},{"taxonomy":"product_cat","embeddable":true,"href":"https:\/\/thepreciselab.com\/es\/wp-json\/wp\/v2\/product_cat?post=1079"},{"taxonomy":"product_tag","embeddable":true,"href":"https:\/\/thepreciselab.com\/es\/wp-json\/wp\/v2\/product_tag?post=1079"}],"curies":[{"name":"wp","href":"https:\/\/api.w.org\/{rel}","templated":true}]}}