{"id":1086,"date":"2024-10-01T16:41:32","date_gmt":"2024-10-01T21:41:32","guid":{"rendered":"https:\/\/thepreciselab.com\/product\/prueba-de-ets-its-del-panel-viral\/"},"modified":"2024-10-01T16:41:32","modified_gmt":"2024-10-01T21:41:32","slug":"prueba-de-ets-its-del-panel-viral","status":"publish","type":"product","link":"https:\/\/thepreciselab.com\/es\/product\/prueba-de-ets-its-del-panel-viral\/","title":{"rendered":"Prueba de ETS\/ITS del panel viral"},"content":{"rendered":"<p><strong>\u00bfQu\u00e9 pruebas se realizan?<\/strong><\/p>\n<ul>\n<li>Prueba del herpes I (VHS 1)<\/li>\n<li>Prueba del herpes II (VHS 2)<\/li>\n<li>Prueba del VIH<\/li>\n<\/ul>\n<p><strong>\u00bfCu\u00e1l es el plazo de entrega de los resultados?<\/strong><br \/>\nLos resultados se enviar\u00e1n a tu correo electr\u00f3nico en 2-3 d\u00edas laborables.<\/p>\n","protected":false},"excerpt":{"rendered":"<p>\u00bfQu\u00e9 pruebas se realizan? Prueba del herpes I (VHS 1) Prueba del herpes II (VHS 2) Prueba del VIH \u00bfCu\u00e1l es el plazo de entrega de<span class=\"excerpt-hellip\"> [\u2026]<\/span><\/p>\n","protected":false},"featured_media":0,"comment_status":"closed","ping_status":"closed","template":"","meta":[],"product_brand":[],"product_cat":[68],"product_tag":[],"class_list":{"0":"post-1086","1":"product","2":"type-product","3":"status-publish","5":"product_cat-pruebas-de-ets","7":"first","8":"instock","9":"shipping-taxable","10":"purchasable","11":"product-type-simple"},"_links":{"self":[{"href":"https:\/\/thepreciselab.com\/es\/wp-json\/wp\/v2\/product\/1086","targetHints":{"allow":["GET"]}}],"collection":[{"href":"https:\/\/thepreciselab.com\/es\/wp-json\/wp\/v2\/product"}],"about":[{"href":"https:\/\/thepreciselab.com\/es\/wp-json\/wp\/v2\/types\/product"}],"replies":[{"embeddable":true,"href":"https:\/\/thepreciselab.com\/es\/wp-json\/wp\/v2\/comments?post=1086"}],"wp:attachment":[{"href":"https:\/\/thepreciselab.com\/es\/wp-json\/wp\/v2\/media?parent=1086"}],"wp:term":[{"taxonomy":"product_brand","embeddable":true,"href":"https:\/\/thepreciselab.com\/es\/wp-json\/wp\/v2\/product_brand?post=1086"},{"taxonomy":"product_cat","embeddable":true,"href":"https:\/\/thepreciselab.com\/es\/wp-json\/wp\/v2\/product_cat?post=1086"},{"taxonomy":"product_tag","embeddable":true,"href":"https:\/\/thepreciselab.com\/es\/wp-json\/wp\/v2\/product_tag?post=1086"}],"curies":[{"name":"wp","href":"https:\/\/api.w.org\/{rel}","templated":true}]}}