{"id":1088,"date":"2024-10-01T16:42:07","date_gmt":"2024-10-01T21:42:07","guid":{"rendered":"https:\/\/thepreciselab.com\/product\/resultados-instantaneos-de-la-prueba-del-vih-en-30-minutos\/"},"modified":"2024-10-01T16:42:07","modified_gmt":"2024-10-01T21:42:07","slug":"resultados-instantaneos-de-la-prueba-del-vih-en-30-minutos","status":"publish","type":"product","link":"https:\/\/thepreciselab.com\/es\/product\/resultados-instantaneos-de-la-prueba-del-vih-en-30-minutos\/","title":{"rendered":"Resultados instant\u00e1neos de la prueba del VIH (en 30 minutos)"},"content":{"rendered":"<p><strong>\u00bfQu\u00e9 pruebas se realizan?<\/strong><\/p>\n<ul>\n<li>VIH<\/li>\n<\/ul>\n<p><strong>\u00bfCu\u00e1l es el plazo de entrega de los resultados?<\/strong><br \/>\nLos resultados se enviar\u00e1n a tu correo electr\u00f3nico en 30 minutos.<\/p>\n","protected":false},"excerpt":{"rendered":"<p>\u00bfQu\u00e9 pruebas se realizan? VIH \u00bfCu\u00e1l es el plazo de entrega de los resultados? Los resultados se enviar\u00e1n a tu correo electr\u00f3nico en 30 minutos.<\/p>\n","protected":false},"featured_media":0,"comment_status":"closed","ping_status":"closed","template":"","meta":[],"product_brand":[],"product_cat":[68],"product_tag":[],"class_list":{"0":"post-1088","1":"product","2":"type-product","3":"status-publish","5":"product_cat-pruebas-de-ets","7":"first","8":"instock","9":"shipping-taxable","10":"purchasable","11":"product-type-simple"},"_links":{"self":[{"href":"https:\/\/thepreciselab.com\/es\/wp-json\/wp\/v2\/product\/1088","targetHints":{"allow":["GET"]}}],"collection":[{"href":"https:\/\/thepreciselab.com\/es\/wp-json\/wp\/v2\/product"}],"about":[{"href":"https:\/\/thepreciselab.com\/es\/wp-json\/wp\/v2\/types\/product"}],"replies":[{"embeddable":true,"href":"https:\/\/thepreciselab.com\/es\/wp-json\/wp\/v2\/comments?post=1088"}],"wp:attachment":[{"href":"https:\/\/thepreciselab.com\/es\/wp-json\/wp\/v2\/media?parent=1088"}],"wp:term":[{"taxonomy":"product_brand","embeddable":true,"href":"https:\/\/thepreciselab.com\/es\/wp-json\/wp\/v2\/product_brand?post=1088"},{"taxonomy":"product_cat","embeddable":true,"href":"https:\/\/thepreciselab.com\/es\/wp-json\/wp\/v2\/product_cat?post=1088"},{"taxonomy":"product_tag","embeddable":true,"href":"https:\/\/thepreciselab.com\/es\/wp-json\/wp\/v2\/product_tag?post=1088"}],"curies":[{"name":"wp","href":"https:\/\/api.w.org\/{rel}","templated":true}]}}