{"id":1091,"date":"2024-09-30T15:10:44","date_gmt":"2024-09-30T20:10:44","guid":{"rendered":"https:\/\/thepreciselab.com\/product\/5-paneles-de-drogas-prueba-de-las-unas\/"},"modified":"2024-09-30T15:10:44","modified_gmt":"2024-09-30T20:10:44","slug":"5-paneles-de-drogas-prueba-de-las-unas","status":"publish","type":"product","link":"https:\/\/thepreciselab.com\/es\/product\/5-paneles-de-drogas-prueba-de-las-unas\/","title":{"rendered":"5 paneles de drogas &#8211; Prueba de las u\u00f1as"},"content":{"rendered":"<p><strong>\u00bfQu\u00e9 es?<\/strong><br \/>\nEsta prueba detecta cinco drogas utilizando recortes de u\u00f1as. El donante proporciona recortes de 2-3 mm de las diez u\u00f1as, que son recogidos por un asistente m\u00e9dico formado. <\/p>\n<p><strong>Drogas analizadas:<\/strong><\/p>\n<ul>\n<li>Anfetaminas<\/li>\n<li>Coca\u00edna<\/li>\n<li>Marihuana<\/li>\n<li>Opi\u00e1ceos<\/li>\n<li>Fenciclidina<\/li>\n<\/ul>\n<p><strong>\u00bfCu\u00e1l es el plazo de entrega de los resultados?<\/strong><br \/>\nLos resultados estar\u00e1n disponibles en 2-4 d\u00edas laborables.<\/p>\n<p><strong>\u00bfQu\u00e9 debes llevar a la cita?<\/strong><br \/>\nSe requiere un documento de identidad con fotograf\u00eda expedido por el gobierno.<\/p>\n","protected":false},"excerpt":{"rendered":"<p>\u00bfQu\u00e9 es? Esta prueba detecta cinco drogas utilizando recortes de u\u00f1as. El donante proporciona recortes de 2-3 mm de las diez u\u00f1as, que son recogidos por<span class=\"excerpt-hellip\"> [\u2026]<\/span><\/p>\n","protected":false},"featured_media":0,"comment_status":"closed","ping_status":"closed","template":"","meta":[],"product_brand":[],"product_cat":[66],"product_tag":[],"class_list":{"0":"post-1091","1":"product","2":"type-product","3":"status-publish","5":"product_cat-pruebas-de-drogas-y-alcohol","7":"first","8":"instock","9":"shipping-taxable","10":"purchasable","11":"product-type-simple"},"_links":{"self":[{"href":"https:\/\/thepreciselab.com\/es\/wp-json\/wp\/v2\/product\/1091","targetHints":{"allow":["GET"]}}],"collection":[{"href":"https:\/\/thepreciselab.com\/es\/wp-json\/wp\/v2\/product"}],"about":[{"href":"https:\/\/thepreciselab.com\/es\/wp-json\/wp\/v2\/types\/product"}],"replies":[{"embeddable":true,"href":"https:\/\/thepreciselab.com\/es\/wp-json\/wp\/v2\/comments?post=1091"}],"wp:attachment":[{"href":"https:\/\/thepreciselab.com\/es\/wp-json\/wp\/v2\/media?parent=1091"}],"wp:term":[{"taxonomy":"product_brand","embeddable":true,"href":"https:\/\/thepreciselab.com\/es\/wp-json\/wp\/v2\/product_brand?post=1091"},{"taxonomy":"product_cat","embeddable":true,"href":"https:\/\/thepreciselab.com\/es\/wp-json\/wp\/v2\/product_cat?post=1091"},{"taxonomy":"product_tag","embeddable":true,"href":"https:\/\/thepreciselab.com\/es\/wp-json\/wp\/v2\/product_tag?post=1091"}],"curies":[{"name":"wp","href":"https:\/\/api.w.org\/{rel}","templated":true}]}}