{"id":1100,"date":"2024-09-30T15:09:38","date_gmt":"2024-09-30T20:09:38","guid":{"rendered":"https:\/\/thepreciselab.com\/product\/alcohol-etg-analisis-de-orina\/"},"modified":"2024-09-30T15:09:38","modified_gmt":"2024-09-30T20:09:38","slug":"alcohol-etg-analisis-de-orina","status":"publish","type":"product","link":"https:\/\/thepreciselab.com\/es\/product\/alcohol-etg-analisis-de-orina\/","title":{"rendered":"Alcohol (EtG) &#8211; An\u00e1lisis de orina"},"content":{"rendered":"<p><strong>\u00bfEn qu\u00e9 consiste?<\/strong><br \/>\nEste an\u00e1lisis de orina detecta la presencia de EtG, un subproducto del metabolismo del alcohol, y puede identificar el consumo de alcohol hasta 80 horas despu\u00e9s de la ingesti\u00f3n.<\/p>\n<p><strong>\u00bfCu\u00e1l es el plazo de entrega de los resultados?<\/strong><br \/>\nLos resultados se facilitar\u00e1n en 2-4 d\u00edas laborables por correo electr\u00f3nico.<\/p>\n<p><strong>\u00bfQu\u00e9 debes llevar a la cita?<\/strong><br \/>\nSe requiere un documento de identidad con fotograf\u00eda expedido por el gobierno.<\/p>\n","protected":false},"excerpt":{"rendered":"<p>\u00bfEn qu\u00e9 consiste? Este an\u00e1lisis de orina detecta la presencia de EtG, un subproducto del metabolismo del alcohol, y puede identificar el consumo de alcohol hasta<span class=\"excerpt-hellip\"> [\u2026]<\/span><\/p>\n","protected":false},"featured_media":0,"comment_status":"closed","ping_status":"closed","template":"","meta":[],"product_brand":[],"product_cat":[66],"product_tag":[],"class_list":{"0":"post-1100","1":"product","2":"type-product","3":"status-publish","5":"product_cat-pruebas-de-drogas-y-alcohol","7":"first","8":"instock","9":"shipping-taxable","10":"purchasable","11":"product-type-simple"},"_links":{"self":[{"href":"https:\/\/thepreciselab.com\/es\/wp-json\/wp\/v2\/product\/1100","targetHints":{"allow":["GET"]}}],"collection":[{"href":"https:\/\/thepreciselab.com\/es\/wp-json\/wp\/v2\/product"}],"about":[{"href":"https:\/\/thepreciselab.com\/es\/wp-json\/wp\/v2\/types\/product"}],"replies":[{"embeddable":true,"href":"https:\/\/thepreciselab.com\/es\/wp-json\/wp\/v2\/comments?post=1100"}],"wp:attachment":[{"href":"https:\/\/thepreciselab.com\/es\/wp-json\/wp\/v2\/media?parent=1100"}],"wp:term":[{"taxonomy":"product_brand","embeddable":true,"href":"https:\/\/thepreciselab.com\/es\/wp-json\/wp\/v2\/product_brand?post=1100"},{"taxonomy":"product_cat","embeddable":true,"href":"https:\/\/thepreciselab.com\/es\/wp-json\/wp\/v2\/product_cat?post=1100"},{"taxonomy":"product_tag","embeddable":true,"href":"https:\/\/thepreciselab.com\/es\/wp-json\/wp\/v2\/product_tag?post=1100"}],"curies":[{"name":"wp","href":"https:\/\/api.w.org\/{rel}","templated":true}]}}