{"id":1101,"date":"2024-09-30T15:09:04","date_gmt":"2024-09-30T20:09:04","guid":{"rendered":"https:\/\/thepreciselab.com\/product\/5-paneles-drogas-alcohol-etg-analisis-de-orina\/"},"modified":"2024-09-30T15:09:04","modified_gmt":"2024-09-30T20:09:04","slug":"5-paneles-drogas-alcohol-etg-analisis-de-orina","status":"publish","type":"product","link":"https:\/\/thepreciselab.com\/es\/product\/5-paneles-drogas-alcohol-etg-analisis-de-orina\/","title":{"rendered":"5 paneles Drogas + Alcohol (EtG) &#8211; An\u00e1lisis de orina"},"content":{"rendered":"<p><strong>\u00bfQu\u00e9 es?<\/strong><br \/>\nEste an\u00e1lisis de orina detecta cinco drogas e incluye un control espec\u00edfico de alcohol (EtG), que detecta el consumo reciente de alcohol.<\/p>\n<p><strong>Drogas analizadas:<\/strong><\/p>\n<ul>\n<li>Anfetaminas<\/li>\n<li>Coca\u00edna<\/li>\n<li>Marihuana<\/li>\n<li>Opi\u00e1ceos<\/li>\n<li>Fenciclidina<\/li>\n<li>Alcohol (EtG)<\/li>\n<\/ul>\n<p><strong>\u00bfCu\u00e1l es el plazo de entrega de los resultados?<\/strong><br \/>\nLos resultados tardan de 2 a 4 d\u00edas laborables y se env\u00edan a tu correo electr\u00f3nico.<\/p>\n<p><strong>\u00bfQu\u00e9 debes llevar a la cita?<\/strong><br \/>\nPor favor, trae un documento de identidad v\u00e1lido con fotograf\u00eda expedido por el gobierno.<\/p>\n","protected":false},"excerpt":{"rendered":"<p>\u00bfQu\u00e9 es? Este an\u00e1lisis de orina detecta cinco drogas e incluye un control espec\u00edfico de alcohol (EtG), que detecta el consumo reciente de alcohol. Drogas analizadas:<span class=\"excerpt-hellip\"> [\u2026]<\/span><\/p>\n","protected":false},"featured_media":0,"comment_status":"closed","ping_status":"closed","template":"","meta":[],"product_brand":[],"product_cat":[66],"product_tag":[],"class_list":{"0":"post-1101","1":"product","2":"type-product","3":"status-publish","5":"product_cat-pruebas-de-drogas-y-alcohol","7":"first","8":"instock","9":"shipping-taxable","10":"purchasable","11":"product-type-simple"},"_links":{"self":[{"href":"https:\/\/thepreciselab.com\/es\/wp-json\/wp\/v2\/product\/1101","targetHints":{"allow":["GET"]}}],"collection":[{"href":"https:\/\/thepreciselab.com\/es\/wp-json\/wp\/v2\/product"}],"about":[{"href":"https:\/\/thepreciselab.com\/es\/wp-json\/wp\/v2\/types\/product"}],"replies":[{"embeddable":true,"href":"https:\/\/thepreciselab.com\/es\/wp-json\/wp\/v2\/comments?post=1101"}],"wp:attachment":[{"href":"https:\/\/thepreciselab.com\/es\/wp-json\/wp\/v2\/media?parent=1101"}],"wp:term":[{"taxonomy":"product_brand","embeddable":true,"href":"https:\/\/thepreciselab.com\/es\/wp-json\/wp\/v2\/product_brand?post=1101"},{"taxonomy":"product_cat","embeddable":true,"href":"https:\/\/thepreciselab.com\/es\/wp-json\/wp\/v2\/product_cat?post=1101"},{"taxonomy":"product_tag","embeddable":true,"href":"https:\/\/thepreciselab.com\/es\/wp-json\/wp\/v2\/product_tag?post=1101"}],"curies":[{"name":"wp","href":"https:\/\/api.w.org\/{rel}","templated":true}]}}