{"id":1102,"date":"2024-09-30T15:08:39","date_gmt":"2024-09-30T20:08:39","guid":{"rendered":"https:\/\/thepreciselab.com\/product\/10-paneles-de-drogas-prueba-de-orina-enviada-por-laboratorio\/"},"modified":"2024-09-30T15:08:39","modified_gmt":"2024-09-30T20:08:39","slug":"10-paneles-de-drogas-prueba-de-orina-enviada-por-laboratorio","status":"publish","type":"product","link":"https:\/\/thepreciselab.com\/es\/product\/10-paneles-de-drogas-prueba-de-orina-enviada-por-laboratorio\/","title":{"rendered":"10 paneles de drogas &#8211; Prueba de orina enviada por laboratorio"},"content":{"rendered":"<p><strong>\u00bfQu\u00e9 es?<\/strong><br \/>\nEsta prueba detecta diez drogas diferentes y es ideal para detectar el consumo reciente. La muestra se recoge in situ y se env\u00eda al laboratorio para su an\u00e1lisis. <\/p>\n<p><strong>Drogas analizadas:<\/strong><\/p>\n<ul>\n<li>Anfetaminas<\/li>\n<li>Coca\u00edna<\/li>\n<li>Marihuana<\/li>\n<li>Opi\u00e1ceos<\/li>\n<li>Fenciclidina<\/li>\n<li>Barbit\u00faricos<\/li>\n<li>Metanfetamina<\/li>\n<li>Propoxifeno<\/li>\n<li>Metadona<\/li>\n<li>Benzodiacepinas<\/li>\n<\/ul>\n<p><strong>\u00bfCu\u00e1l es el plazo de entrega de los resultados?<\/strong><br \/>\nLas pruebas r\u00e1pidas proporcionan resultados en 10-15 minutos, mientras que las pruebas no r\u00e1pidas tardan de 2 a 4 d\u00edas laborables.<\/p>\n<p><strong>\u00bfQu\u00e9 debes llevar a la cita?<\/strong><br \/>\nPor favor, trae un documento de identidad con fotograf\u00eda expedido por el gobierno.<\/p>\n","protected":false},"excerpt":{"rendered":"<p>\u00bfQu\u00e9 es? Esta prueba detecta diez drogas diferentes y es ideal para detectar el consumo reciente. La muestra se recoge in situ y se env\u00eda al<span class=\"excerpt-hellip\"> [\u2026]<\/span><\/p>\n","protected":false},"featured_media":0,"comment_status":"closed","ping_status":"closed","template":"","meta":[],"product_brand":[],"product_cat":[66],"product_tag":[],"class_list":{"0":"post-1102","1":"product","2":"type-product","3":"status-publish","5":"product_cat-pruebas-de-drogas-y-alcohol","7":"first","8":"instock","9":"shipping-taxable","10":"purchasable","11":"product-type-simple"},"_links":{"self":[{"href":"https:\/\/thepreciselab.com\/es\/wp-json\/wp\/v2\/product\/1102","targetHints":{"allow":["GET"]}}],"collection":[{"href":"https:\/\/thepreciselab.com\/es\/wp-json\/wp\/v2\/product"}],"about":[{"href":"https:\/\/thepreciselab.com\/es\/wp-json\/wp\/v2\/types\/product"}],"replies":[{"embeddable":true,"href":"https:\/\/thepreciselab.com\/es\/wp-json\/wp\/v2\/comments?post=1102"}],"wp:attachment":[{"href":"https:\/\/thepreciselab.com\/es\/wp-json\/wp\/v2\/media?parent=1102"}],"wp:term":[{"taxonomy":"product_brand","embeddable":true,"href":"https:\/\/thepreciselab.com\/es\/wp-json\/wp\/v2\/product_brand?post=1102"},{"taxonomy":"product_cat","embeddable":true,"href":"https:\/\/thepreciselab.com\/es\/wp-json\/wp\/v2\/product_cat?post=1102"},{"taxonomy":"product_tag","embeddable":true,"href":"https:\/\/thepreciselab.com\/es\/wp-json\/wp\/v2\/product_tag?post=1102"}],"curies":[{"name":"wp","href":"https:\/\/api.w.org\/{rel}","templated":true}]}}