{"id":1103,"date":"2024-09-30T15:06:16","date_gmt":"2024-09-30T20:06:16","guid":{"rendered":"https:\/\/thepreciselab.com\/product\/origenes-ancestrales-premium\/"},"modified":"2024-09-30T15:06:16","modified_gmt":"2024-09-30T20:06:16","slug":"origenes-ancestrales-premium","status":"publish","type":"product","link":"https:\/\/thepreciselab.com\/es\/product\/origenes-ancestrales-premium\/","title":{"rendered":"Or\u00edgenes ancestrales (Premium)"},"content":{"rendered":"<p><strong>\u00bfQu\u00e9 es?<\/strong><br \/>\nEste test premium de genealog\u00eda por ADN compara tu perfil de ADN con cientos de poblaciones mundiales y catorce regiones antropol\u00f3gicas, todo ello respaldado por una validaci\u00f3n cient\u00edfica. Esta versi\u00f3n ofrece informes visuales m\u00e1s detallados sobre tu ascendencia gen\u00e9tica. <\/p>\n<p><strong>\u00bfQui\u00e9n proporciona las muestras de ADN?<\/strong><br \/>\nSe te tomar\u00e1 una muestra de ADN mediante un hisopo bucal.<\/p>\n<p><strong>\u00bfCu\u00e1l es el plazo de entrega de los resultados?<\/strong><br \/>\nLos resultados estar\u00e1n disponibles en 4-5 d\u00edas laborables y se enviar\u00e1n por correo electr\u00f3nico. Este paquete incluye un mapa sobredimensionado de 17&#8243; x 27&#8243; y un informe detallado de 9 p\u00e1ginas. <\/p>\n<p><strong>\u00bfQu\u00e9 debes llevar a la cita?<\/strong><br \/>\nS\u00f3lo tienes que presentarte en el laboratorio para tu cita.<\/p>\n","protected":false},"excerpt":{"rendered":"<p>\u00bfQu\u00e9 es? Este test premium de genealog\u00eda por ADN compara tu perfil de ADN con cientos de poblaciones mundiales y catorce regiones antropol\u00f3gicas, todo ello respaldado<span class=\"excerpt-hellip\"> [\u2026]<\/span><\/p>\n","protected":false},"featured_media":0,"comment_status":"closed","ping_status":"closed","template":"","meta":[],"product_brand":[],"product_cat":[62],"product_tag":[],"class_list":{"0":"post-1103","1":"product","2":"type-product","3":"status-publish","5":"product_cat-pruebas-de-adn","7":"first","8":"instock","9":"shipping-taxable","10":"purchasable","11":"product-type-simple"},"_links":{"self":[{"href":"https:\/\/thepreciselab.com\/es\/wp-json\/wp\/v2\/product\/1103","targetHints":{"allow":["GET"]}}],"collection":[{"href":"https:\/\/thepreciselab.com\/es\/wp-json\/wp\/v2\/product"}],"about":[{"href":"https:\/\/thepreciselab.com\/es\/wp-json\/wp\/v2\/types\/product"}],"replies":[{"embeddable":true,"href":"https:\/\/thepreciselab.com\/es\/wp-json\/wp\/v2\/comments?post=1103"}],"wp:attachment":[{"href":"https:\/\/thepreciselab.com\/es\/wp-json\/wp\/v2\/media?parent=1103"}],"wp:term":[{"taxonomy":"product_brand","embeddable":true,"href":"https:\/\/thepreciselab.com\/es\/wp-json\/wp\/v2\/product_brand?post=1103"},{"taxonomy":"product_cat","embeddable":true,"href":"https:\/\/thepreciselab.com\/es\/wp-json\/wp\/v2\/product_cat?post=1103"},{"taxonomy":"product_tag","embeddable":true,"href":"https:\/\/thepreciselab.com\/es\/wp-json\/wp\/v2\/product_tag?post=1103"}],"curies":[{"name":"wp","href":"https:\/\/api.w.org\/{rel}","templated":true}]}}