{"id":1104,"date":"2024-09-30T15:06:56","date_gmt":"2024-09-30T20:06:56","guid":{"rendered":"https:\/\/thepreciselab.com\/product\/origenes-ancestrales-completo\/"},"modified":"2024-09-30T15:06:56","modified_gmt":"2024-09-30T20:06:56","slug":"origenes-ancestrales-completo","status":"publish","type":"product","link":"https:\/\/thepreciselab.com\/es\/product\/origenes-ancestrales-completo\/","title":{"rendered":"Or\u00edgenes Ancestrales Completo"},"content":{"rendered":"<p><strong>\u00bfQu\u00e9 es?<\/strong><br \/>\nEste completo test de genealog\u00eda por ADN combina los tests Ancestral Origins Premium y Ancestral Origins Discovery. Recibir\u00e1s los informes m\u00e1s detallados, mapas y representaciones visuales de tu ascendencia gen\u00e9tica. <\/p>\n<p><strong>\u00bfQui\u00e9n proporciona las muestras de ADN?<\/strong><br \/>\nSe utilizar\u00e1 un hisopo bucal para recoger tu muestra de ADN.<\/p>\n<p><strong>\u00bfCu\u00e1l es el plazo de entrega de los resultados?<\/strong><br \/>\nEspera recibir tus resultados en 4-5 d\u00edas laborables por correo electr\u00f3nico. El paquete incluye un mapa grande de 17&#8243; x 27&#8243;, un informe detallado de 9 p\u00e1ginas y un gr\u00e1fico circular en color que desglosa tu herencia gen\u00e9tica por porcentajes. <\/p>\n<p><strong>\u00bfQu\u00e9 debes llevar a la cita?<\/strong><br \/>\nS\u00f3lo tienes que acudir al laboratorio para tu cita.<\/p>\n","protected":false},"excerpt":{"rendered":"<p>\u00bfQu\u00e9 es? Este completo test de genealog\u00eda por ADN combina los tests Ancestral Origins Premium y Ancestral Origins Discovery. Recibir\u00e1s los informes m\u00e1s detallados, mapas y<span class=\"excerpt-hellip\"> [\u2026]<\/span><\/p>\n","protected":false},"featured_media":0,"comment_status":"closed","ping_status":"closed","template":"","meta":[],"product_brand":[],"product_cat":[62],"product_tag":[],"class_list":{"0":"post-1104","1":"product","2":"type-product","3":"status-publish","5":"product_cat-pruebas-de-adn","7":"first","8":"instock","9":"shipping-taxable","10":"purchasable","11":"product-type-simple"},"_links":{"self":[{"href":"https:\/\/thepreciselab.com\/es\/wp-json\/wp\/v2\/product\/1104","targetHints":{"allow":["GET"]}}],"collection":[{"href":"https:\/\/thepreciselab.com\/es\/wp-json\/wp\/v2\/product"}],"about":[{"href":"https:\/\/thepreciselab.com\/es\/wp-json\/wp\/v2\/types\/product"}],"replies":[{"embeddable":true,"href":"https:\/\/thepreciselab.com\/es\/wp-json\/wp\/v2\/comments?post=1104"}],"wp:attachment":[{"href":"https:\/\/thepreciselab.com\/es\/wp-json\/wp\/v2\/media?parent=1104"}],"wp:term":[{"taxonomy":"product_brand","embeddable":true,"href":"https:\/\/thepreciselab.com\/es\/wp-json\/wp\/v2\/product_brand?post=1104"},{"taxonomy":"product_cat","embeddable":true,"href":"https:\/\/thepreciselab.com\/es\/wp-json\/wp\/v2\/product_cat?post=1104"},{"taxonomy":"product_tag","embeddable":true,"href":"https:\/\/thepreciselab.com\/es\/wp-json\/wp\/v2\/product_tag?post=1104"}],"curies":[{"name":"wp","href":"https:\/\/api.w.org\/{rel}","templated":true}]}}