{"id":1108,"date":"2024-09-30T15:01:53","date_gmt":"2024-09-30T20:01:53","guid":{"rendered":"https:\/\/thepreciselab.com\/product\/padre-desaparecido-no-legal-o-legal\/"},"modified":"2024-09-30T15:01:53","modified_gmt":"2024-09-30T20:01:53","slug":"padre-desaparecido-no-legal-o-legal","status":"publish","type":"product","link":"https:\/\/thepreciselab.com\/es\/product\/padre-desaparecido-no-legal-o-legal\/","title":{"rendered":"Padre desaparecido (no legal o legal)"},"content":{"rendered":"<p><strong>\u00bfPor qu\u00e9 debes hacer esta prueba?<\/strong><br \/>\nEsta prueba es \u00fatil cuando falta un progenitor o ha fallecido. Ayuda a determinar la paternidad o maternidad mediante el ADN de los abuelos. Esto es especialmente relevante en los casos en que uno de los progenitores no est\u00e1 disponible. En algunos casos, el ADN del ni\u00f1o y de los abuelos por s\u00ed solo puede proporcionar los resultados necesarios.   <\/p>\n<p><strong>\u00bfQui\u00e9n proporciona las muestras de ADN?<\/strong><br \/>\nSi falta el padre, sus padres (los abuelos paternos), o si falta la madre, los padres de ella (los abuelos maternos), junto con el ni\u00f1o, proporcionar\u00e1n las muestras.<\/p>\n<p><strong>\u00bfCu\u00e1l es el plazo de entrega de los resultados?<\/strong><br \/>\nLos resultados estar\u00e1n disponibles en 2-3 d\u00edas laborables y te los enviaremos por correo electr\u00f3nico.<\/p>\n<p><strong>\u00bfQu\u00e9 debes llevar a la cita?<\/strong><br \/>\nPor favor, trae un documento de identidad v\u00e1lido emitido por el gobierno para todas las personas que proporcionen muestras. Los menores de 18 a\u00f1os no necesitan carn\u00e9, pero ser\u00e1n fotografiados. <\/p>\n","protected":false},"excerpt":{"rendered":"<p>\u00bfPor qu\u00e9 debes hacer esta prueba? Esta prueba es \u00fatil cuando falta un progenitor o ha fallecido. Ayuda a determinar la paternidad o maternidad mediante el<span class=\"excerpt-hellip\"> [\u2026]<\/span><\/p>\n","protected":false},"featured_media":0,"comment_status":"closed","ping_status":"closed","template":"","meta":[],"product_brand":[],"product_cat":[62],"product_tag":[],"class_list":{"0":"post-1108","1":"product","2":"type-product","3":"status-publish","5":"product_cat-pruebas-de-adn","7":"first","8":"instock","9":"shipping-taxable","10":"purchasable","11":"product-type-simple"},"_links":{"self":[{"href":"https:\/\/thepreciselab.com\/es\/wp-json\/wp\/v2\/product\/1108","targetHints":{"allow":["GET"]}}],"collection":[{"href":"https:\/\/thepreciselab.com\/es\/wp-json\/wp\/v2\/product"}],"about":[{"href":"https:\/\/thepreciselab.com\/es\/wp-json\/wp\/v2\/types\/product"}],"replies":[{"embeddable":true,"href":"https:\/\/thepreciselab.com\/es\/wp-json\/wp\/v2\/comments?post=1108"}],"wp:attachment":[{"href":"https:\/\/thepreciselab.com\/es\/wp-json\/wp\/v2\/media?parent=1108"}],"wp:term":[{"taxonomy":"product_brand","embeddable":true,"href":"https:\/\/thepreciselab.com\/es\/wp-json\/wp\/v2\/product_brand?post=1108"},{"taxonomy":"product_cat","embeddable":true,"href":"https:\/\/thepreciselab.com\/es\/wp-json\/wp\/v2\/product_cat?post=1108"},{"taxonomy":"product_tag","embeddable":true,"href":"https:\/\/thepreciselab.com\/es\/wp-json\/wp\/v2\/product_tag?post=1108"}],"curies":[{"name":"wp","href":"https:\/\/api.w.org\/{rel}","templated":true}]}}