{"id":1109,"date":"2024-09-30T15:03:20","date_gmt":"2024-09-30T20:03:20","guid":{"rendered":"https:\/\/thepreciselab.com\/product\/zigosidad-gemelar\/"},"modified":"2024-09-30T15:03:20","modified_gmt":"2024-09-30T20:03:20","slug":"zigosidad-gemelar","status":"publish","type":"product","link":"https:\/\/thepreciselab.com\/es\/product\/zigosidad-gemelar\/","title":{"rendered":"Zigosidad gemelar"},"content":{"rendered":"<p><strong>\u00bfPor qu\u00e9 debes hacer esta prueba?<\/strong><br \/>\nEsta prueba determina si los gemelos son id\u00e9nticos o fraternos comparando sus perfiles de ADN. Los gemelos id\u00e9nticos tendr\u00e1n un ADN coincidente, mientras que los gemelos fraternos pueden tener padres diferentes, aunque esto s\u00f3lo se aplica a los gemelos fraternos.<br \/>\n<em>Nota: Hay disponible una versi\u00f3n legal, admisible por los tribunales, de esta prueba por 399 $.<\/em><\/p>\n<p><strong>\u00bfQui\u00e9n proporciona las muestras de ADN?<\/strong><br \/>\nAmbos gemelos proporcionar\u00e1n muestras de ADN mediante hisopos bucales.<\/p>\n<p><strong>\u00bfCu\u00e1l es el plazo de entrega de los resultados?<\/strong><br \/>\nLos resultados se env\u00edan en 2-3 d\u00edas laborables a tu direcci\u00f3n de correo electr\u00f3nico.<\/p>\n<p><strong>\u00bfQu\u00e9 debes llevar a la cita?<\/strong><br \/>\nPor favor, trae un documento de identidad v\u00e1lido expedido por el gobierno. Los menores de 18 a\u00f1os ser\u00e1n fotografiados, pero no necesitan llevar documento de identidad.<\/p>\n","protected":false},"excerpt":{"rendered":"<p>\u00bfPor qu\u00e9 debes hacer esta prueba? Esta prueba determina si los gemelos son id\u00e9nticos o fraternos comparando sus perfiles de ADN. Los gemelos id\u00e9nticos tendr\u00e1n un<span class=\"excerpt-hellip\"> [\u2026]<\/span><\/p>\n","protected":false},"featured_media":0,"comment_status":"closed","ping_status":"closed","template":"","meta":[],"product_brand":[],"product_cat":[62],"product_tag":[],"class_list":{"0":"post-1109","1":"product","2":"type-product","3":"status-publish","5":"product_cat-pruebas-de-adn","7":"first","8":"instock","9":"shipping-taxable","10":"purchasable","11":"product-type-simple"},"_links":{"self":[{"href":"https:\/\/thepreciselab.com\/es\/wp-json\/wp\/v2\/product\/1109","targetHints":{"allow":["GET"]}}],"collection":[{"href":"https:\/\/thepreciselab.com\/es\/wp-json\/wp\/v2\/product"}],"about":[{"href":"https:\/\/thepreciselab.com\/es\/wp-json\/wp\/v2\/types\/product"}],"replies":[{"embeddable":true,"href":"https:\/\/thepreciselab.com\/es\/wp-json\/wp\/v2\/comments?post=1109"}],"wp:attachment":[{"href":"https:\/\/thepreciselab.com\/es\/wp-json\/wp\/v2\/media?parent=1109"}],"wp:term":[{"taxonomy":"product_brand","embeddable":true,"href":"https:\/\/thepreciselab.com\/es\/wp-json\/wp\/v2\/product_brand?post=1109"},{"taxonomy":"product_cat","embeddable":true,"href":"https:\/\/thepreciselab.com\/es\/wp-json\/wp\/v2\/product_cat?post=1109"},{"taxonomy":"product_tag","embeddable":true,"href":"https:\/\/thepreciselab.com\/es\/wp-json\/wp\/v2\/product_tag?post=1109"}],"curies":[{"name":"wp","href":"https:\/\/api.w.org\/{rel}","templated":true}]}}