{"id":1110,"date":"2024-09-30T15:02:11","date_gmt":"2024-09-30T20:02:11","guid":{"rendered":"https:\/\/thepreciselab.com\/product\/abuelo-no-legal-o-legal\/"},"modified":"2024-09-30T15:02:11","modified_gmt":"2024-09-30T20:02:11","slug":"abuelo-no-legal-o-legal","status":"publish","type":"product","link":"https:\/\/thepreciselab.com\/es\/product\/abuelo-no-legal-o-legal\/","title":{"rendered":"Abuelo (no legal o legal)"},"content":{"rendered":"<p><strong>\u00bfPor qu\u00e9 debes hacer esta prueba?<\/strong><br \/>\nEsta prueba est\u00e1 dise\u00f1ada para confirmar la relaci\u00f3n biol\u00f3gica entre un abuelo y un nieto. Tambi\u00e9n puede utilizarse para reconstruir un perfil de ADN paterno en situaciones en las que el padre no est\u00e9 disponible para la prueba de paternidad.<br \/>\n<em>Nota: Hay disponible una versi\u00f3n legal, admisible por los tribunales, de esta prueba por 399 $.<\/em><\/p>\n<p><strong>\u00bfQui\u00e9n proporciona las muestras de ADN?<\/strong><br \/>\nEl abuelo y el nieto proporcionar\u00e1n muestras de ADN mediante hisopos bucales.<\/p>\n<p><strong>\u00bfCu\u00e1l es el plazo de entrega de los resultados?<\/strong><br \/>\nLos resultados suelen facilitarse en 2-3 d\u00edas laborables y se env\u00edan a tu correo electr\u00f3nico.<\/p>\n<p><strong>\u00bfQu\u00e9 debes llevar a la cita?<\/strong><br \/>\nPor favor, trae tu DNI. Los menores de 18 a\u00f1os no necesitan carn\u00e9, pero ser\u00e1n fotografiados. <\/p>\n","protected":false},"excerpt":{"rendered":"<p>\u00bfPor qu\u00e9 debes hacer esta prueba? Esta prueba est\u00e1 dise\u00f1ada para confirmar la relaci\u00f3n biol\u00f3gica entre un abuelo y un nieto. Tambi\u00e9n puede utilizarse para reconstruir<span class=\"excerpt-hellip\"> [\u2026]<\/span><\/p>\n","protected":false},"featured_media":0,"comment_status":"closed","ping_status":"closed","template":"","meta":[],"product_brand":[],"product_cat":[62],"product_tag":[],"class_list":{"0":"post-1110","1":"product","2":"type-product","3":"status-publish","5":"product_cat-pruebas-de-adn","7":"first","8":"instock","9":"shipping-taxable","10":"purchasable","11":"product-type-simple"},"_links":{"self":[{"href":"https:\/\/thepreciselab.com\/es\/wp-json\/wp\/v2\/product\/1110","targetHints":{"allow":["GET"]}}],"collection":[{"href":"https:\/\/thepreciselab.com\/es\/wp-json\/wp\/v2\/product"}],"about":[{"href":"https:\/\/thepreciselab.com\/es\/wp-json\/wp\/v2\/types\/product"}],"replies":[{"embeddable":true,"href":"https:\/\/thepreciselab.com\/es\/wp-json\/wp\/v2\/comments?post=1110"}],"wp:attachment":[{"href":"https:\/\/thepreciselab.com\/es\/wp-json\/wp\/v2\/media?parent=1110"}],"wp:term":[{"taxonomy":"product_brand","embeddable":true,"href":"https:\/\/thepreciselab.com\/es\/wp-json\/wp\/v2\/product_brand?post=1110"},{"taxonomy":"product_cat","embeddable":true,"href":"https:\/\/thepreciselab.com\/es\/wp-json\/wp\/v2\/product_cat?post=1110"},{"taxonomy":"product_tag","embeddable":true,"href":"https:\/\/thepreciselab.com\/es\/wp-json\/wp\/v2\/product_tag?post=1110"}],"curies":[{"name":"wp","href":"https:\/\/api.w.org\/{rel}","templated":true}]}}