{"id":1111,"date":"2024-09-30T15:05:11","date_gmt":"2024-09-30T20:05:11","guid":{"rendered":"https:\/\/thepreciselab.com\/product\/muestra-de-pruebas-de-infidelidad-concordancia-de-identidad-humana-no-delictiva\/"},"modified":"2024-09-30T15:05:11","modified_gmt":"2024-09-30T20:05:11","slug":"muestra-de-pruebas-de-infidelidad-concordancia-de-identidad-humana-no-delictiva","status":"publish","type":"product","link":"https:\/\/thepreciselab.com\/es\/product\/muestra-de-pruebas-de-infidelidad-concordancia-de-identidad-humana-no-delictiva\/","title":{"rendered":"Muestra de pruebas de infidelidad\/concordancia de identidad humana (no delictiva)"},"content":{"rendered":"<p><strong>\u00bfQu\u00e9 es?<\/strong><br \/>\nEsta prueba est\u00e1 dise\u00f1ada para ayudar cuando hay sospechas de infidelidad y quieres aclarar el origen de objetos no identificados encontrados en tu casa, como ropa manchada u objetos personales adicionales como cepillos de dientes. La prueba consiste en comparar el ADN encontrado en estos objetos con un hisopo de referencia que t\u00fa proporcionas para descartar tu propio ADN. A continuaci\u00f3n se a\u00edsla cualquier otro ADN presente, y los resultados indicar\u00e1n si el ADN restante pertenece a un var\u00f3n, a una mujer o a ambos.  <\/p>\n<p><strong>\u00bfQui\u00e9n proporciona las muestras de ADN?<\/strong><br \/>\nPresentar\u00e1s una muestra de pruebas, que puede ser un art\u00edculo como ropa interior, un trozo de tela, un cepillo de dientes, chicle, pelo o cualquier otro objeto relevante.<\/p>\n<p><strong>\u00bfCu\u00e1l es el plazo de entrega de los resultados?<\/strong><br \/>\nLos resultados se enviar\u00e1n a tu correo electr\u00f3nico en un plazo de 3 a 5 d\u00edas laborables.<\/p>\n<p><strong>\u00bfQu\u00e9 debes llevar a la cita?<\/strong><br \/>\nPor favor, trae a la cita la muestra de la prueba, como ropa interior, un trozo de tela, un cepillo de dientes, chicle o pelo, para que la analicen.<\/p>\n","protected":false},"excerpt":{"rendered":"<p>\u00bfQu\u00e9 es? Esta prueba est\u00e1 dise\u00f1ada para ayudar cuando hay sospechas de infidelidad y quieres aclarar el origen de objetos no identificados encontrados en tu casa,<span class=\"excerpt-hellip\"> [\u2026]<\/span><\/p>\n","protected":false},"featured_media":0,"comment_status":"closed","ping_status":"closed","template":"","meta":[],"product_brand":[],"product_cat":[62],"product_tag":[],"class_list":{"0":"post-1111","1":"product","2":"type-product","3":"status-publish","5":"product_cat-pruebas-de-adn","7":"first","8":"instock","9":"shipping-taxable","10":"purchasable","11":"product-type-simple"},"_links":{"self":[{"href":"https:\/\/thepreciselab.com\/es\/wp-json\/wp\/v2\/product\/1111","targetHints":{"allow":["GET"]}}],"collection":[{"href":"https:\/\/thepreciselab.com\/es\/wp-json\/wp\/v2\/product"}],"about":[{"href":"https:\/\/thepreciselab.com\/es\/wp-json\/wp\/v2\/types\/product"}],"replies":[{"embeddable":true,"href":"https:\/\/thepreciselab.com\/es\/wp-json\/wp\/v2\/comments?post=1111"}],"wp:attachment":[{"href":"https:\/\/thepreciselab.com\/es\/wp-json\/wp\/v2\/media?parent=1111"}],"wp:term":[{"taxonomy":"product_brand","embeddable":true,"href":"https:\/\/thepreciselab.com\/es\/wp-json\/wp\/v2\/product_brand?post=1111"},{"taxonomy":"product_cat","embeddable":true,"href":"https:\/\/thepreciselab.com\/es\/wp-json\/wp\/v2\/product_cat?post=1111"},{"taxonomy":"product_tag","embeddable":true,"href":"https:\/\/thepreciselab.com\/es\/wp-json\/wp\/v2\/product_tag?post=1111"}],"curies":[{"name":"wp","href":"https:\/\/api.w.org\/{rel}","templated":true}]}}