{"id":1112,"date":"2024-09-30T14:59:55","date_gmt":"2024-09-30T19:59:55","guid":{"rendered":"https:\/\/thepreciselab.com\/product\/maternidad-legal-judicialmente-admisible\/"},"modified":"2024-09-30T14:59:55","modified_gmt":"2024-09-30T19:59:55","slug":"maternidad-legal-judicialmente-admisible","status":"publish","type":"product","link":"https:\/\/thepreciselab.com\/es\/product\/maternidad-legal-judicialmente-admisible\/","title":{"rendered":"Maternidad (legal-judicialmente admisible)"},"content":{"rendered":"<p><strong>\u00bfPor qu\u00e9 debes hacer esta prueba?<\/strong><br \/>\nEsta prueba legalmente reconocida se utiliza para establecer la maternidad, sobre todo cuando el padre no est\u00e1 disponible. Consiste en analizar los cromosomas transmitidos de madre a hijo para confirmar las relaciones biol\u00f3gicas. Se utiliza a menudo en situaciones legales como la custodia, la manutenci\u00f3n de los hijos y asuntos de herencia, respetando los procedimientos legales de la cadena de custodia.  <\/p>\n<p><strong>\u00bfQui\u00e9n proporciona las muestras de ADN?<\/strong><br \/>\nLa madre y el ni\u00f1o proporcionan muestras de ADN mediante hisopos bucales (orales) con fines legales.<\/p>\n<p><strong>\u00bfCu\u00e1l es el plazo de entrega de los resultados?<\/strong><br \/>\nLos resultados suelen estar disponibles en 2-3 d\u00edas laborables y se env\u00edan por correo electr\u00f3nico.<\/p>\n<p><strong>\u00bfQu\u00e9 debes llevar a la cita?<\/strong><br \/>\nLleva un documento de identidad oficial. Los menores de 18 a\u00f1os ser\u00e1n fotografiados, pero no necesitan carn\u00e9. <\/p>\n","protected":false},"excerpt":{"rendered":"<p>\u00bfPor qu\u00e9 debes hacer esta prueba? Esta prueba legalmente reconocida se utiliza para establecer la maternidad, sobre todo cuando el padre no est\u00e1 disponible. Consiste en<span class=\"excerpt-hellip\"> [\u2026]<\/span><\/p>\n","protected":false},"featured_media":0,"comment_status":"closed","ping_status":"closed","template":"","meta":[],"product_brand":[],"product_cat":[62],"product_tag":[],"class_list":{"0":"post-1112","1":"product","2":"type-product","3":"status-publish","5":"product_cat-pruebas-de-adn","7":"first","8":"instock","9":"shipping-taxable","10":"purchasable","11":"product-type-simple"},"_links":{"self":[{"href":"https:\/\/thepreciselab.com\/es\/wp-json\/wp\/v2\/product\/1112","targetHints":{"allow":["GET"]}}],"collection":[{"href":"https:\/\/thepreciselab.com\/es\/wp-json\/wp\/v2\/product"}],"about":[{"href":"https:\/\/thepreciselab.com\/es\/wp-json\/wp\/v2\/types\/product"}],"replies":[{"embeddable":true,"href":"https:\/\/thepreciselab.com\/es\/wp-json\/wp\/v2\/comments?post=1112"}],"wp:attachment":[{"href":"https:\/\/thepreciselab.com\/es\/wp-json\/wp\/v2\/media?parent=1112"}],"wp:term":[{"taxonomy":"product_brand","embeddable":true,"href":"https:\/\/thepreciselab.com\/es\/wp-json\/wp\/v2\/product_brand?post=1112"},{"taxonomy":"product_cat","embeddable":true,"href":"https:\/\/thepreciselab.com\/es\/wp-json\/wp\/v2\/product_cat?post=1112"},{"taxonomy":"product_tag","embeddable":true,"href":"https:\/\/thepreciselab.com\/es\/wp-json\/wp\/v2\/product_tag?post=1112"}],"curies":[{"name":"wp","href":"https:\/\/api.w.org\/{rel}","templated":true}]}}