{"id":1113,"date":"2024-09-30T15:05:32","date_gmt":"2024-09-30T20:05:32","guid":{"rendered":"https:\/\/thepreciselab.com\/product\/analisis-de-semen-esperma\/"},"modified":"2024-09-30T15:05:32","modified_gmt":"2024-09-30T20:05:32","slug":"analisis-de-semen-esperma","status":"publish","type":"product","link":"https:\/\/thepreciselab.com\/es\/product\/analisis-de-semen-esperma\/","title":{"rendered":"An\u00e1lisis de semen\/esperma"},"content":{"rendered":"<p><strong>\u00bfQu\u00e9 es?<\/strong><br \/>\nEsta prueba proporciona resultados definitivos para confirmar si hay esperma o semen en un art\u00edculo espec\u00edfico, como ropa o s\u00e1banas, que se ha enviado para su an\u00e1lisis.<\/p>\n<p><strong>\u00bfQui\u00e9n proporciona las muestras de ADN?<\/strong><br \/>\nPuedes enviar cualquier prenda de vestir, s\u00e1banas o art\u00edculos similares para que se analicen y determinen si contienen esperma o semen.<\/p>\n<p><strong>\u00bfCu\u00e1l es el plazo de entrega de los resultados?<\/strong><br \/>\nLos resultados estar\u00e1n disponibles en un plazo de 3 a 5 d\u00edas laborables y se enviar\u00e1n a tu direcci\u00f3n de correo electr\u00f3nico registrada.<\/p>\n<p><strong>\u00bfQu\u00e9 debes llevar a la cita?<\/strong><br \/>\nPor favor, trae el art\u00edculo de inter\u00e9s, como ropa o tela, que quieras que se analice para detectar la presencia de esperma o semen.<\/p>\n","protected":false},"excerpt":{"rendered":"<p>\u00bfQu\u00e9 es? Esta prueba proporciona resultados definitivos para confirmar si hay esperma o semen en un art\u00edculo espec\u00edfico, como ropa o s\u00e1banas, que se ha enviado<span class=\"excerpt-hellip\"> [\u2026]<\/span><\/p>\n","protected":false},"featured_media":0,"comment_status":"closed","ping_status":"closed","template":"","meta":[],"product_brand":[],"product_cat":[62],"product_tag":[],"class_list":{"0":"post-1113","1":"product","2":"type-product","3":"status-publish","5":"product_cat-pruebas-de-adn","7":"first","8":"instock","9":"shipping-taxable","10":"purchasable","11":"product-type-simple"},"_links":{"self":[{"href":"https:\/\/thepreciselab.com\/es\/wp-json\/wp\/v2\/product\/1113","targetHints":{"allow":["GET"]}}],"collection":[{"href":"https:\/\/thepreciselab.com\/es\/wp-json\/wp\/v2\/product"}],"about":[{"href":"https:\/\/thepreciselab.com\/es\/wp-json\/wp\/v2\/types\/product"}],"replies":[{"embeddable":true,"href":"https:\/\/thepreciselab.com\/es\/wp-json\/wp\/v2\/comments?post=1113"}],"wp:attachment":[{"href":"https:\/\/thepreciselab.com\/es\/wp-json\/wp\/v2\/media?parent=1113"}],"wp:term":[{"taxonomy":"product_brand","embeddable":true,"href":"https:\/\/thepreciselab.com\/es\/wp-json\/wp\/v2\/product_brand?post=1113"},{"taxonomy":"product_cat","embeddable":true,"href":"https:\/\/thepreciselab.com\/es\/wp-json\/wp\/v2\/product_cat?post=1113"},{"taxonomy":"product_tag","embeddable":true,"href":"https:\/\/thepreciselab.com\/es\/wp-json\/wp\/v2\/product_tag?post=1113"}],"curies":[{"name":"wp","href":"https:\/\/api.w.org\/{rel}","templated":true}]}}