{"id":1114,"date":"2024-09-30T15:02:48","date_gmt":"2024-09-30T20:02:48","guid":{"rendered":"https:\/\/thepreciselab.com\/product\/avuncular-no-legal-o-legal\/"},"modified":"2024-09-30T15:02:48","modified_gmt":"2024-09-30T20:02:48","slug":"avuncular-no-legal-o-legal","status":"publish","type":"product","link":"https:\/\/thepreciselab.com\/es\/product\/avuncular-no-legal-o-legal\/","title":{"rendered":"Avuncular (No legal o Legal)"},"content":{"rendered":"<p><strong>\u00bfPor qu\u00e9 debes hacer esta prueba?<\/strong><br \/>\nEsta prueba se utiliza para determinar la probabilidad de que alguien sea t\u00edo o t\u00eda biol\u00f3gico de un ni\u00f1o, a menudo cuando no se dispone del presunto padre. Ten en cuenta que los resultados no siempre son definitivos.<br \/>\n<em>Nota: Hay disponible una versi\u00f3n legal, admisible por los tribunales, de esta prueba por 399 $.<\/em><\/p>\n<p><strong>\u00bfQui\u00e9n proporciona las muestras de ADN?<\/strong><br \/>\nLa supuesta t\u00eda o t\u00edo y el menor proporcionar\u00e1n muestras de ADN mediante frotis bucales.<\/p>\n<p><strong>\u00bfCu\u00e1l es el plazo de entrega de los resultados?<\/strong><br \/>\nLos resultados se entregan normalmente en 2-3 d\u00edas laborables por correo electr\u00f3nico.<\/p>\n<p><strong>\u00bfQu\u00e9 debes llevar a la cita?<\/strong><br \/>\nLleva a la cita un documento de identidad v\u00e1lido expedido por el gobierno. Los menores de 18 a\u00f1os no necesitan DNI, pero ser\u00e1n fotografiados. <\/p>\n","protected":false},"excerpt":{"rendered":"<p>\u00bfPor qu\u00e9 debes hacer esta prueba? Esta prueba se utiliza para determinar la probabilidad de que alguien sea t\u00edo o t\u00eda biol\u00f3gico de un ni\u00f1o, a<span class=\"excerpt-hellip\"> [\u2026]<\/span><\/p>\n","protected":false},"featured_media":0,"comment_status":"closed","ping_status":"closed","template":"","meta":[],"product_brand":[],"product_cat":[62],"product_tag":[],"class_list":{"0":"post-1114","1":"product","2":"type-product","3":"status-publish","5":"product_cat-pruebas-de-adn","7":"first","8":"instock","9":"shipping-taxable","10":"purchasable","11":"product-type-simple"},"_links":{"self":[{"href":"https:\/\/thepreciselab.com\/es\/wp-json\/wp\/v2\/product\/1114","targetHints":{"allow":["GET"]}}],"collection":[{"href":"https:\/\/thepreciselab.com\/es\/wp-json\/wp\/v2\/product"}],"about":[{"href":"https:\/\/thepreciselab.com\/es\/wp-json\/wp\/v2\/types\/product"}],"replies":[{"embeddable":true,"href":"https:\/\/thepreciselab.com\/es\/wp-json\/wp\/v2\/comments?post=1114"}],"wp:attachment":[{"href":"https:\/\/thepreciselab.com\/es\/wp-json\/wp\/v2\/media?parent=1114"}],"wp:term":[{"taxonomy":"product_brand","embeddable":true,"href":"https:\/\/thepreciselab.com\/es\/wp-json\/wp\/v2\/product_brand?post=1114"},{"taxonomy":"product_cat","embeddable":true,"href":"https:\/\/thepreciselab.com\/es\/wp-json\/wp\/v2\/product_cat?post=1114"},{"taxonomy":"product_tag","embeddable":true,"href":"https:\/\/thepreciselab.com\/es\/wp-json\/wp\/v2\/product_tag?post=1114"}],"curies":[{"name":"wp","href":"https:\/\/api.w.org\/{rel}","templated":true}]}}