{"id":1115,"date":"2024-09-30T15:07:29","date_gmt":"2024-09-30T20:07:29","guid":{"rendered":"https:\/\/thepreciselab.com\/product\/5-paneles-de-drogas-test-rapido-de-orina\/"},"modified":"2024-09-30T15:07:29","modified_gmt":"2024-09-30T20:07:29","slug":"5-paneles-de-drogas-test-rapido-de-orina","status":"publish","type":"product","link":"https:\/\/thepreciselab.com\/es\/product\/5-paneles-de-drogas-test-rapido-de-orina\/","title":{"rendered":"5 paneles de drogas &#8211; Test r\u00e1pido de orina"},"content":{"rendered":"<p><strong>\u00bfQu\u00e9 es?<\/strong><br \/>\nEl an\u00e1lisis de drogas en orina es un m\u00e9todo rentable para detectar el consumo reciente de drogas, ya que las sustancias pueden aparecer en la orina casi inmediatamente despu\u00e9s de su consumo. La muestra de orina se recoge in situ en un entorno seguro y controlado para garantizar la integridad de la muestra. <\/p>\n<p><strong>\u00bfQu\u00e9 drogas se analizan?<\/strong><\/p>\n<ul>\n<li>Anfetaminas<\/li>\n<li>Coca\u00edna<\/li>\n<li>Marihuana<\/li>\n<li>Opi\u00e1ceos<\/li>\n<li>Fenciclidina (PCP)<\/li>\n<\/ul>\n<p><strong>\u00bfCu\u00e1l es el plazo de entrega de los resultados?<\/strong><br \/>\nPara las pruebas r\u00e1pidas, los resultados est\u00e1n disponibles en 10-15 minutos. Para las pruebas no r\u00e1pidas, los resultados suelen enviarse a tu correo electr\u00f3nico en un plazo de 2-4 d\u00edas laborables. <\/p>\n<p><strong>\u00bfQu\u00e9 debes llevar a la cita?<\/strong><br \/>\nPor favor, lleva a tu cita un documento de identidad v\u00e1lido con fotograf\u00eda, expedido por el gobierno.<\/p>\n","protected":false},"excerpt":{"rendered":"<p>\u00bfQu\u00e9 es? El an\u00e1lisis de drogas en orina es un m\u00e9todo rentable para detectar el consumo reciente de drogas, ya que las sustancias pueden aparecer en<span class=\"excerpt-hellip\"> [\u2026]<\/span><\/p>\n","protected":false},"featured_media":0,"comment_status":"closed","ping_status":"closed","template":"","meta":[],"product_brand":[],"product_cat":[66],"product_tag":[],"class_list":{"0":"post-1115","1":"product","2":"type-product","3":"status-publish","5":"product_cat-pruebas-de-drogas-y-alcohol","7":"first","8":"instock","9":"shipping-taxable","10":"purchasable","11":"product-type-simple"},"_links":{"self":[{"href":"https:\/\/thepreciselab.com\/es\/wp-json\/wp\/v2\/product\/1115","targetHints":{"allow":["GET"]}}],"collection":[{"href":"https:\/\/thepreciselab.com\/es\/wp-json\/wp\/v2\/product"}],"about":[{"href":"https:\/\/thepreciselab.com\/es\/wp-json\/wp\/v2\/types\/product"}],"replies":[{"embeddable":true,"href":"https:\/\/thepreciselab.com\/es\/wp-json\/wp\/v2\/comments?post=1115"}],"wp:attachment":[{"href":"https:\/\/thepreciselab.com\/es\/wp-json\/wp\/v2\/media?parent=1115"}],"wp:term":[{"taxonomy":"product_brand","embeddable":true,"href":"https:\/\/thepreciselab.com\/es\/wp-json\/wp\/v2\/product_brand?post=1115"},{"taxonomy":"product_cat","embeddable":true,"href":"https:\/\/thepreciselab.com\/es\/wp-json\/wp\/v2\/product_cat?post=1115"},{"taxonomy":"product_tag","embeddable":true,"href":"https:\/\/thepreciselab.com\/es\/wp-json\/wp\/v2\/product_tag?post=1115"}],"curies":[{"name":"wp","href":"https:\/\/api.w.org\/{rel}","templated":true}]}}