{"id":1116,"date":"2024-09-30T15:03:03","date_gmt":"2024-09-30T20:03:03","guid":{"rendered":"https:\/\/thepreciselab.com\/product\/hermandad-legal-y-no-legal\/"},"modified":"2024-09-30T15:03:03","modified_gmt":"2024-09-30T20:03:03","slug":"hermandad-legal-y-no-legal","status":"publish","type":"product","link":"https:\/\/thepreciselab.com\/es\/product\/hermandad-legal-y-no-legal\/","title":{"rendered":"Hermandad (legal y no legal)"},"content":{"rendered":"<p><strong>\u00bfPor qu\u00e9 debes hacer esta prueba?<\/strong><br \/>\nEsta prueba ayuda a determinar si dos personas son hermanas completas o hermanastros, lo que puede ser crucial para casos legales como la inmigraci\u00f3n o para fines de verificaci\u00f3n personal. Ambos tipos de hermandad (media y completa) pueden confirmarse mediante pruebas de ADN.<br \/>\n<em>Nota: Hay disponible una versi\u00f3n legal, admisible por los tribunales, de esta prueba por 399 $.<\/em><\/p>\n<p><strong>\u00bfQui\u00e9n proporciona las muestras de ADN?<\/strong><br \/>\nTanto los hermanos como su madre proporcionar\u00e1n muestras de ADN mediante hisopos bucales.<\/p>\n<p><strong>\u00bfCu\u00e1l es el plazo de entrega de los resultados?<\/strong><br \/>\nPuedes esperar los resultados en 2-3 d\u00edas laborables, enviados a tu correo electr\u00f3nico.<\/p>\n<p><strong>\u00bfQu\u00e9 debes llevar a la cita?<\/strong><br \/>\nLos adultos deben presentar un documento de identidad oficial. Los menores de 18 a\u00f1os ser\u00e1n fotografiados, pero no necesitan carn\u00e9. <\/p>\n","protected":false},"excerpt":{"rendered":"<p>\u00bfPor qu\u00e9 debes hacer esta prueba? Esta prueba ayuda a determinar si dos personas son hermanas completas o hermanastros, lo que puede ser crucial para casos<span class=\"excerpt-hellip\"> [\u2026]<\/span><\/p>\n","protected":false},"featured_media":0,"comment_status":"closed","ping_status":"closed","template":"","meta":[],"product_brand":[],"product_cat":[62],"product_tag":[],"class_list":{"0":"post-1116","1":"product","2":"type-product","3":"status-publish","5":"product_cat-pruebas-de-adn","7":"first","8":"instock","9":"shipping-taxable","10":"purchasable","11":"product-type-simple"},"_links":{"self":[{"href":"https:\/\/thepreciselab.com\/es\/wp-json\/wp\/v2\/product\/1116","targetHints":{"allow":["GET"]}}],"collection":[{"href":"https:\/\/thepreciselab.com\/es\/wp-json\/wp\/v2\/product"}],"about":[{"href":"https:\/\/thepreciselab.com\/es\/wp-json\/wp\/v2\/types\/product"}],"replies":[{"embeddable":true,"href":"https:\/\/thepreciselab.com\/es\/wp-json\/wp\/v2\/comments?post=1116"}],"wp:attachment":[{"href":"https:\/\/thepreciselab.com\/es\/wp-json\/wp\/v2\/media?parent=1116"}],"wp:term":[{"taxonomy":"product_brand","embeddable":true,"href":"https:\/\/thepreciselab.com\/es\/wp-json\/wp\/v2\/product_brand?post=1116"},{"taxonomy":"product_cat","embeddable":true,"href":"https:\/\/thepreciselab.com\/es\/wp-json\/wp\/v2\/product_cat?post=1116"},{"taxonomy":"product_tag","embeddable":true,"href":"https:\/\/thepreciselab.com\/es\/wp-json\/wp\/v2\/product_tag?post=1116"}],"curies":[{"name":"wp","href":"https:\/\/api.w.org\/{rel}","templated":true}]}}