{"id":1117,"date":"2024-09-30T15:04:16","date_gmt":"2024-09-30T20:04:16","guid":{"rendered":"https:\/\/thepreciselab.com\/product\/inmigracion-adn\/"},"modified":"2024-09-30T15:04:16","modified_gmt":"2024-09-30T20:04:16","slug":"inmigracion-adn","status":"publish","type":"product","link":"https:\/\/thepreciselab.com\/es\/product\/inmigracion-adn\/","title":{"rendered":"Inmigraci\u00f3n ADN"},"content":{"rendered":"<p><strong>\u00bfPor qu\u00e9 debes hacer esta prueba?<\/strong><br \/>\nEsta prueba se suele utilizar para demostrar un parentesco biol\u00f3gico cuando no se dispone de documentaci\u00f3n, como actas de nacimiento, o \u00e9sta es insuficiente. Se realiza en laboratorios acreditados y aceptados por el USCIS y las embajadas de EE.UU. en todo el mundo a efectos de inmigraci\u00f3n.<br \/>\n<em>Nota: Pueden aplicarse tarifas adicionales por la recogida o env\u00edo internacional de muestras.<\/em><\/p>\n<p><strong>\u00bfQui\u00e9n proporciona las muestras de ADN?<\/strong><br \/>\nAmbas partes que deseen probar su relaci\u00f3n proporcionar\u00e1n muestras de ADN mediante frotis bucales. Las muestras pueden presentarse juntas o por separado, en EE.UU. o en una embajada estadounidense en el extranjero. <\/p>\n<p><strong>\u00bfCu\u00e1l es el plazo de entrega de los resultados?<\/strong><br \/>\nEl tiempo de respuesta depende de si las muestras se recogen en el pa\u00eds o en el extranjero, pero los resultados se te enviar\u00e1n por correo electr\u00f3nico.<\/p>\n<p><strong>\u00bfQu\u00e9 debes llevar a la cita?<\/strong><br \/>\nPor favor, trae a la cita un documento de identidad v\u00e1lido expedido por el gobierno.<\/p>\n","protected":false},"excerpt":{"rendered":"<p>\u00bfPor qu\u00e9 debes hacer esta prueba? Esta prueba se suele utilizar para demostrar un parentesco biol\u00f3gico cuando no se dispone de documentaci\u00f3n, como actas de nacimiento,<span class=\"excerpt-hellip\"> [\u2026]<\/span><\/p>\n","protected":false},"featured_media":0,"comment_status":"closed","ping_status":"closed","template":"","meta":[],"product_brand":[],"product_cat":[62],"product_tag":[],"class_list":{"0":"post-1117","1":"product","2":"type-product","3":"status-publish","5":"product_cat-pruebas-de-adn","7":"first","8":"instock","9":"shipping-taxable","10":"purchasable","11":"product-type-simple"},"_links":{"self":[{"href":"https:\/\/thepreciselab.com\/es\/wp-json\/wp\/v2\/product\/1117","targetHints":{"allow":["GET"]}}],"collection":[{"href":"https:\/\/thepreciselab.com\/es\/wp-json\/wp\/v2\/product"}],"about":[{"href":"https:\/\/thepreciselab.com\/es\/wp-json\/wp\/v2\/types\/product"}],"replies":[{"embeddable":true,"href":"https:\/\/thepreciselab.com\/es\/wp-json\/wp\/v2\/comments?post=1117"}],"wp:attachment":[{"href":"https:\/\/thepreciselab.com\/es\/wp-json\/wp\/v2\/media?parent=1117"}],"wp:term":[{"taxonomy":"product_brand","embeddable":true,"href":"https:\/\/thepreciselab.com\/es\/wp-json\/wp\/v2\/product_brand?post=1117"},{"taxonomy":"product_cat","embeddable":true,"href":"https:\/\/thepreciselab.com\/es\/wp-json\/wp\/v2\/product_cat?post=1117"},{"taxonomy":"product_tag","embeddable":true,"href":"https:\/\/thepreciselab.com\/es\/wp-json\/wp\/v2\/product_tag?post=1117"}],"curies":[{"name":"wp","href":"https:\/\/api.w.org\/{rel}","templated":true}]}}