{"id":1118,"date":"2024-09-30T15:03:36","date_gmt":"2024-09-30T20:03:36","guid":{"rendered":"https:\/\/thepreciselab.com\/product\/y-str\/"},"modified":"2024-09-30T15:03:36","modified_gmt":"2024-09-30T20:03:36","slug":"y-str","status":"publish","type":"product","link":"https:\/\/thepreciselab.com\/es\/product\/y-str\/","title":{"rendered":"Y-Str"},"content":{"rendered":"<p><strong>\u00bfPor qu\u00e9 debes hacer esta prueba?<\/strong><br \/>\nEsta prueba examina el cromosoma Y, que se transmite por l\u00ednea paterna. Es especialmente \u00fatil en casos de disputas sobre la paternidad de hijos varones o para confirmar otras relaciones paternas. Esta prueba tambi\u00e9n puede ayudar a identificar a familiares varones o a v\u00edctimas en circunstancias especiales, como situaciones de cat\u00e1strofe.  <\/p>\n<p><strong>\u00bfQui\u00e9n proporciona las muestras de ADN?<\/strong><br \/>\nLos varones que deseen establecer relaciones paternas proporcionar\u00e1n su ADN mediante un frotis bucal.<\/p>\n<p><strong>\u00bfCu\u00e1l es el plazo de entrega de los resultados?<\/strong><br \/>\nLos resultados estar\u00e1n listos en 2-3 d\u00edas laborables y se enviar\u00e1n a tu correo electr\u00f3nico.<\/p>\n<p><strong>\u00bfQu\u00e9 debes llevar a la cita?<\/strong><br \/>\nPor favor, trae a tu cita un documento de identidad v\u00e1lido emitido por el gobierno. Los menores de 18 a\u00f1os ser\u00e1n fotografiados, pero no necesitan presentar un documento de identidad. <\/p>\n","protected":false},"excerpt":{"rendered":"<p>\u00bfPor qu\u00e9 debes hacer esta prueba? Esta prueba examina el cromosoma Y, que se transmite por l\u00ednea paterna. Es especialmente \u00fatil en casos de disputas sobre<span class=\"excerpt-hellip\"> [\u2026]<\/span><\/p>\n","protected":false},"featured_media":0,"comment_status":"closed","ping_status":"closed","template":"","meta":[],"product_brand":[],"product_cat":[62],"product_tag":[],"class_list":{"0":"post-1118","1":"product","2":"type-product","3":"status-publish","5":"product_cat-pruebas-de-adn","7":"first","8":"instock","9":"shipping-taxable","10":"purchasable","11":"product-type-simple"},"_links":{"self":[{"href":"https:\/\/thepreciselab.com\/es\/wp-json\/wp\/v2\/product\/1118","targetHints":{"allow":["GET"]}}],"collection":[{"href":"https:\/\/thepreciselab.com\/es\/wp-json\/wp\/v2\/product"}],"about":[{"href":"https:\/\/thepreciselab.com\/es\/wp-json\/wp\/v2\/types\/product"}],"replies":[{"embeddable":true,"href":"https:\/\/thepreciselab.com\/es\/wp-json\/wp\/v2\/comments?post=1118"}],"wp:attachment":[{"href":"https:\/\/thepreciselab.com\/es\/wp-json\/wp\/v2\/media?parent=1118"}],"wp:term":[{"taxonomy":"product_brand","embeddable":true,"href":"https:\/\/thepreciselab.com\/es\/wp-json\/wp\/v2\/product_brand?post=1118"},{"taxonomy":"product_cat","embeddable":true,"href":"https:\/\/thepreciselab.com\/es\/wp-json\/wp\/v2\/product_cat?post=1118"},{"taxonomy":"product_tag","embeddable":true,"href":"https:\/\/thepreciselab.com\/es\/wp-json\/wp\/v2\/product_tag?post=1118"}],"curies":[{"name":"wp","href":"https:\/\/api.w.org\/{rel}","templated":true}]}}