{"id":1119,"date":"2024-09-30T15:04:29","date_gmt":"2024-09-30T20:04:29","guid":{"rendered":"https:\/\/thepreciselab.com\/product\/prueba-de-revelacion-del-sexo-averiguar-el-sexo-del-nino\/"},"modified":"2024-09-30T15:04:29","modified_gmt":"2024-09-30T20:04:29","slug":"prueba-de-revelacion-del-sexo-averiguar-el-sexo-del-nino","status":"publish","type":"product","link":"https:\/\/thepreciselab.com\/es\/product\/prueba-de-revelacion-del-sexo-averiguar-el-sexo-del-nino\/","title":{"rendered":"Prueba de revelaci\u00f3n del sexo (Averiguar el sexo del ni\u00f1o)"},"content":{"rendered":"<p><strong>\u00bfPor qu\u00e9 debes hacer esta prueba?<\/strong><br \/>\nEsta prueba puede revelar el sexo biol\u00f3gico de tu beb\u00e9 tan pronto como a las 7 semanas de embarazo, ofreciendo una alternativa m\u00e1s r\u00e1pida a la espera de una ecograf\u00eda, que suele tener lugar mucho m\u00e1s tarde.<\/p>\n<p><strong>\u00bfQui\u00e9n proporciona las muestras de ADN?<\/strong><br \/>\nLa madre proporciona una muestra de sangre para su an\u00e1lisis.<\/p>\n<p><strong>\u00bfCu\u00e1l es el plazo de entrega de los resultados?<\/strong><br \/>\nLos resultados estar\u00e1n disponibles en 2-3 d\u00edas laborables y se enviar\u00e1n a tu correo electr\u00f3nico.<\/p>\n<p><strong>\u00bfQu\u00e9 debes llevar a la cita?<\/strong><br \/>\nS\u00f3lo tienes que acudir a la cita programada en el laboratorio. No necesitas ning\u00fan documento. <\/p>\n","protected":false},"excerpt":{"rendered":"<p>\u00bfPor qu\u00e9 debes hacer esta prueba? Esta prueba puede revelar el sexo biol\u00f3gico de tu beb\u00e9 tan pronto como a las 7 semanas de embarazo, ofreciendo<span class=\"excerpt-hellip\"> [\u2026]<\/span><\/p>\n","protected":false},"featured_media":0,"comment_status":"closed","ping_status":"closed","template":"","meta":[],"product_brand":[],"product_cat":[62],"product_tag":[],"class_list":{"0":"post-1119","1":"product","2":"type-product","3":"status-publish","5":"product_cat-pruebas-de-adn","7":"first","8":"instock","9":"shipping-taxable","10":"purchasable","11":"product-type-simple"},"_links":{"self":[{"href":"https:\/\/thepreciselab.com\/es\/wp-json\/wp\/v2\/product\/1119","targetHints":{"allow":["GET"]}}],"collection":[{"href":"https:\/\/thepreciselab.com\/es\/wp-json\/wp\/v2\/product"}],"about":[{"href":"https:\/\/thepreciselab.com\/es\/wp-json\/wp\/v2\/types\/product"}],"replies":[{"embeddable":true,"href":"https:\/\/thepreciselab.com\/es\/wp-json\/wp\/v2\/comments?post=1119"}],"wp:attachment":[{"href":"https:\/\/thepreciselab.com\/es\/wp-json\/wp\/v2\/media?parent=1119"}],"wp:term":[{"taxonomy":"product_brand","embeddable":true,"href":"https:\/\/thepreciselab.com\/es\/wp-json\/wp\/v2\/product_brand?post=1119"},{"taxonomy":"product_cat","embeddable":true,"href":"https:\/\/thepreciselab.com\/es\/wp-json\/wp\/v2\/product_cat?post=1119"},{"taxonomy":"product_tag","embeddable":true,"href":"https:\/\/thepreciselab.com\/es\/wp-json\/wp\/v2\/product_tag?post=1119"}],"curies":[{"name":"wp","href":"https:\/\/api.w.org\/{rel}","templated":true}]}}