{"id":1120,"date":"2024-09-30T15:05:51","date_gmt":"2024-09-30T20:05:51","guid":{"rendered":"https:\/\/thepreciselab.com\/product\/origenes-ancestrales\/"},"modified":"2024-09-30T15:05:51","modified_gmt":"2024-09-30T20:05:51","slug":"origenes-ancestrales","status":"publish","type":"product","link":"https:\/\/thepreciselab.com\/es\/product\/origenes-ancestrales\/","title":{"rendered":"Or\u00edgenes ancestrales"},"content":{"rendered":"<p><strong>\u00bfQu\u00e9 es?<\/strong><br \/>\nSe trata de una prueba de genealog\u00eda por ADN que compara tu perfil de ADN con el de cientos de poblaciones mundiales de catorce regiones antropol\u00f3gicas. El test se basa en datos gen\u00e9ticos colectivos validados cient\u00edficamente, que te proporcionan informaci\u00f3n sobre tus ra\u00edces ancestrales. <\/p>\n<p><strong>\u00bfQui\u00e9n proporciona las muestras de ADN?<\/strong><br \/>\nProporcionar\u00e1s una muestra de ADN mediante un hisopo bucal.<\/p>\n<p><strong>\u00bfCu\u00e1l es el plazo de entrega de los resultados?<\/strong><br \/>\nLos resultados suelen estar disponibles en 4-5 d\u00edas laborables y se enviar\u00e1n a tu correo electr\u00f3nico. Tambi\u00e9n recibir\u00e1s un mapa impreso de 11&#8243; x 17&#8243; y un informe completo de 9 p\u00e1ginas. <\/p>\n<p><strong>\u00bfQu\u00e9 debes llevar a la cita?<\/strong><br \/>\nS\u00f3lo tienes que acudir a tu cita programada en nuestro laboratorio.<\/p>\n","protected":false},"excerpt":{"rendered":"<p>\u00bfQu\u00e9 es? Se trata de una prueba de genealog\u00eda por ADN que compara tu perfil de ADN con el de cientos de poblaciones mundiales de catorce<span class=\"excerpt-hellip\"> [\u2026]<\/span><\/p>\n","protected":false},"featured_media":0,"comment_status":"closed","ping_status":"closed","template":"","meta":[],"product_brand":[],"product_cat":[62],"product_tag":[],"class_list":{"0":"post-1120","1":"product","2":"type-product","3":"status-publish","5":"product_cat-pruebas-de-adn","7":"first","8":"instock","9":"shipping-taxable","10":"purchasable","11":"product-type-simple"},"_links":{"self":[{"href":"https:\/\/thepreciselab.com\/es\/wp-json\/wp\/v2\/product\/1120","targetHints":{"allow":["GET"]}}],"collection":[{"href":"https:\/\/thepreciselab.com\/es\/wp-json\/wp\/v2\/product"}],"about":[{"href":"https:\/\/thepreciselab.com\/es\/wp-json\/wp\/v2\/types\/product"}],"replies":[{"embeddable":true,"href":"https:\/\/thepreciselab.com\/es\/wp-json\/wp\/v2\/comments?post=1120"}],"wp:attachment":[{"href":"https:\/\/thepreciselab.com\/es\/wp-json\/wp\/v2\/media?parent=1120"}],"wp:term":[{"taxonomy":"product_brand","embeddable":true,"href":"https:\/\/thepreciselab.com\/es\/wp-json\/wp\/v2\/product_brand?post=1120"},{"taxonomy":"product_cat","embeddable":true,"href":"https:\/\/thepreciselab.com\/es\/wp-json\/wp\/v2\/product_cat?post=1120"},{"taxonomy":"product_tag","embeddable":true,"href":"https:\/\/thepreciselab.com\/es\/wp-json\/wp\/v2\/product_tag?post=1120"}],"curies":[{"name":"wp","href":"https:\/\/api.w.org\/{rel}","templated":true}]}}