{"id":1121,"date":"2024-09-30T15:00:12","date_gmt":"2024-09-30T20:00:12","guid":{"rendered":"https:\/\/thepreciselab.com\/product\/paternidad-prenatal-no-invasiva\/"},"modified":"2024-10-21T07:45:57","modified_gmt":"2024-10-21T12:45:57","slug":"paternidad-prenatal-no-invasiva","status":"publish","type":"product","link":"https:\/\/thepreciselab.com\/es\/product\/paternidad-prenatal-no-invasiva\/","title":{"rendered":"Paternidad prenatal no invasiva"},"content":{"rendered":"<p><strong>\u00bfPor qu\u00e9 debes hacer esta prueba?<\/strong><br \/>\nEsta prueba se recomienda cuando necesitas determinar la paternidad durante el embarazo, sin ning\u00fan riesgo para el beb\u00e9. Proporciona resultados muy precisos, con un 99% o m\u00e1s de certeza, a partir de las 7 semanas de embarazo, y no presenta riesgo de aborto. <\/p>\n<p><strong>\u00bfQui\u00e9n proporciona las muestras de ADN?<\/strong><br \/>\nLa madre proporciona una muestra de sangre, y el padre proporciona una muestra de ADN mediante un hisopo bucal.<\/p>\n<p><strong>\u00bfCu\u00e1l es el plazo de entrega de los resultados?<\/strong><br \/>\nRecibir\u00e1s los resultados en un plazo de 6-7 d\u00edas laborables por correo electr\u00f3nico.<\/p>\n<p><strong>\u00bfQu\u00e9 debes llevar a la cita?<\/strong><br \/>\nLleva un documento de identidad oficial. Los menores de 18 a\u00f1os no necesitan carn\u00e9, pero ser\u00e1n fotografiados. <\/p>\n","protected":false},"excerpt":{"rendered":"<p>\u00bfPor qu\u00e9 debes hacer esta prueba? Esta prueba se recomienda cuando necesitas determinar la paternidad durante el embarazo, sin ning\u00fan riesgo para el beb\u00e9. Proporciona resultados<span class=\"excerpt-hellip\"> [\u2026]<\/span><\/p>\n","protected":false},"featured_media":0,"comment_status":"closed","ping_status":"closed","template":"","meta":[],"product_brand":[],"product_cat":[62],"product_tag":[],"class_list":{"0":"post-1121","1":"product","2":"type-product","3":"status-publish","5":"product_cat-pruebas-de-adn","7":"first","8":"instock","9":"shipping-taxable","10":"purchasable","11":"product-type-simple"},"_links":{"self":[{"href":"https:\/\/thepreciselab.com\/es\/wp-json\/wp\/v2\/product\/1121","targetHints":{"allow":["GET"]}}],"collection":[{"href":"https:\/\/thepreciselab.com\/es\/wp-json\/wp\/v2\/product"}],"about":[{"href":"https:\/\/thepreciselab.com\/es\/wp-json\/wp\/v2\/types\/product"}],"replies":[{"embeddable":true,"href":"https:\/\/thepreciselab.com\/es\/wp-json\/wp\/v2\/comments?post=1121"}],"wp:attachment":[{"href":"https:\/\/thepreciselab.com\/es\/wp-json\/wp\/v2\/media?parent=1121"}],"wp:term":[{"taxonomy":"product_brand","embeddable":true,"href":"https:\/\/thepreciselab.com\/es\/wp-json\/wp\/v2\/product_brand?post=1121"},{"taxonomy":"product_cat","embeddable":true,"href":"https:\/\/thepreciselab.com\/es\/wp-json\/wp\/v2\/product_cat?post=1121"},{"taxonomy":"product_tag","embeddable":true,"href":"https:\/\/thepreciselab.com\/es\/wp-json\/wp\/v2\/product_tag?post=1121"}],"curies":[{"name":"wp","href":"https:\/\/api.w.org\/{rel}","templated":true}]}}