{"id":1122,"date":"2024-09-30T14:59:19","date_gmt":"2024-09-30T19:59:19","guid":{"rendered":"https:\/\/thepreciselab.com\/product\/prueba-de-paternidad-nipp-paternidad-prenatal-no-invasiva\/"},"modified":"2024-09-30T14:59:19","modified_gmt":"2024-09-30T19:59:19","slug":"prueba-de-paternidad-nipp-paternidad-prenatal-no-invasiva","status":"publish","type":"product","link":"https:\/\/thepreciselab.com\/es\/product\/prueba-de-paternidad-nipp-paternidad-prenatal-no-invasiva\/","title":{"rendered":"Prueba de paternidad NIPP (Paternidad prenatal no invasiva)"},"content":{"rendered":"<p><strong>\u00bfPor qu\u00e9 debes hacer esta prueba?<\/strong><br \/>\nEsta prueba es ideal si necesitas confirmar la paternidad mientras el ni\u00f1o est\u00e1 todav\u00eda en el \u00fatero. No es invasiva y tiene validez legal, por lo que resulta \u00fatil en casos relacionados con la pensi\u00f3n alimenticia, la custodia u otros asuntos legales. Todo el proceso se ajusta a estrictos protocolos legales, incluida la identificaci\u00f3n y la documentaci\u00f3n.  <\/p>\n<p><strong>\u00bfQui\u00e9n proporciona las muestras de ADN?<\/strong><br \/>\nLa madre y el presunto padre proporcionan el ADN necesario. Se utiliza una muestra de sangre de la madre para extraer el ADN del ni\u00f1o, mientras que al padre se le toma una muestra de la mejilla. <\/p>\n<p><strong>\u00bfCu\u00e1l es el plazo de entrega de los resultados?<\/strong><br \/>\nLos resultados suelen enviarse en un plazo de 6 a 8 d\u00edas laborables a tu correo electr\u00f3nico registrado.<\/p>\n<p><strong>\u00bfQu\u00e9 debes llevar a la cita?<\/strong><br \/>\nPor favor, trae un documento de identidad v\u00e1lido a la cita. Los menores de 18 a\u00f1os no necesitan presentar DNI, pero se les har\u00e1n fotograf\u00edas. Si no tienes DNI, bastar\u00e1 con una fotograf\u00eda.  <\/p>\n","protected":false},"excerpt":{"rendered":"<p>\u00bfPor qu\u00e9 debes hacer esta prueba? Esta prueba es ideal si necesitas confirmar la paternidad mientras el ni\u00f1o est\u00e1 todav\u00eda en el \u00fatero. No es invasiva<span class=\"excerpt-hellip\"> [\u2026]<\/span><\/p>\n","protected":false},"featured_media":0,"comment_status":"closed","ping_status":"closed","template":"","meta":[],"product_brand":[],"product_cat":[62],"product_tag":[],"class_list":{"0":"post-1122","1":"product","2":"type-product","3":"status-publish","5":"product_cat-pruebas-de-adn","7":"first","8":"instock","9":"shipping-taxable","10":"purchasable","11":"product-type-simple"},"_links":{"self":[{"href":"https:\/\/thepreciselab.com\/es\/wp-json\/wp\/v2\/product\/1122","targetHints":{"allow":["GET"]}}],"collection":[{"href":"https:\/\/thepreciselab.com\/es\/wp-json\/wp\/v2\/product"}],"about":[{"href":"https:\/\/thepreciselab.com\/es\/wp-json\/wp\/v2\/types\/product"}],"replies":[{"embeddable":true,"href":"https:\/\/thepreciselab.com\/es\/wp-json\/wp\/v2\/comments?post=1122"}],"wp:attachment":[{"href":"https:\/\/thepreciselab.com\/es\/wp-json\/wp\/v2\/media?parent=1122"}],"wp:term":[{"taxonomy":"product_brand","embeddable":true,"href":"https:\/\/thepreciselab.com\/es\/wp-json\/wp\/v2\/product_brand?post=1122"},{"taxonomy":"product_cat","embeddable":true,"href":"https:\/\/thepreciselab.com\/es\/wp-json\/wp\/v2\/product_cat?post=1122"},{"taxonomy":"product_tag","embeddable":true,"href":"https:\/\/thepreciselab.com\/es\/wp-json\/wp\/v2\/product_tag?post=1122"}],"curies":[{"name":"wp","href":"https:\/\/api.w.org\/{rel}","templated":true}]}}