{"id":1123,"date":"2024-09-30T14:59:39","date_gmt":"2024-09-30T19:59:39","guid":{"rendered":"https:\/\/thepreciselab.com\/product\/maternidad-no-legal\/"},"modified":"2024-09-30T14:59:39","modified_gmt":"2024-09-30T19:59:39","slug":"maternidad-no-legal","status":"publish","type":"product","link":"https:\/\/thepreciselab.com\/es\/product\/maternidad-no-legal\/","title":{"rendered":"Maternidad (no legal)"},"content":{"rendered":"<p><strong>\u00bfPor qu\u00e9 debes hacer esta prueba?<\/strong><br \/>\nEsta prueba confirma si eres la madre biol\u00f3gica de un ni\u00f1o. Es un procedimiento sencillo y directo que consiste en recoger una muestra de ADN del interior de la mejilla para compararla con el ADN del ni\u00f1o.<br \/>\n<em>Nota: Esta prueba es para uso personal y no es v\u00e1lida para asuntos legales. Si necesitas resultados legalmente admisibles, consulta nuestro Test de Maternidad (Legalmente Admisible en los Tribunales). <\/em><\/p>\n<p><strong>\u00bfQui\u00e9n proporciona las muestras de ADN?<\/strong><br \/>\nTanto la madre como el ni\u00f1o proporcionan muestras. Como se trata de una prueba no legal, el ADN tambi\u00e9n puede extraerse de objetos como cepillos de dientes o pelo, si no est\u00e1n contaminados. <\/p>\n<p><strong>\u00bfCu\u00e1l es el plazo de entrega de los resultados?<\/strong><br \/>\nLos resultados se enviar\u00e1n por correo electr\u00f3nico en 2-3 d\u00edas laborables.<\/p>\n<p><strong>\u00bfQu\u00e9 debes llevar a la cita?<\/strong><br \/>\nPor favor, trae un documento de identidad v\u00e1lido. Los menores de 18 a\u00f1os no necesitan identificaci\u00f3n, pero ser\u00e1n fotografiados. <\/p>\n","protected":false},"excerpt":{"rendered":"<p>\u00bfPor qu\u00e9 debes hacer esta prueba? Esta prueba confirma si eres la madre biol\u00f3gica de un ni\u00f1o. Es un procedimiento sencillo y directo que consiste en<span class=\"excerpt-hellip\"> [\u2026]<\/span><\/p>\n","protected":false},"featured_media":0,"comment_status":"closed","ping_status":"closed","template":"","meta":[],"product_brand":[],"product_cat":[62],"product_tag":[],"class_list":{"0":"post-1123","1":"product","2":"type-product","3":"status-publish","5":"product_cat-pruebas-de-adn","7":"first","8":"instock","9":"shipping-taxable","10":"purchasable","11":"product-type-simple"},"_links":{"self":[{"href":"https:\/\/thepreciselab.com\/es\/wp-json\/wp\/v2\/product\/1123","targetHints":{"allow":["GET"]}}],"collection":[{"href":"https:\/\/thepreciselab.com\/es\/wp-json\/wp\/v2\/product"}],"about":[{"href":"https:\/\/thepreciselab.com\/es\/wp-json\/wp\/v2\/types\/product"}],"replies":[{"embeddable":true,"href":"https:\/\/thepreciselab.com\/es\/wp-json\/wp\/v2\/comments?post=1123"}],"wp:attachment":[{"href":"https:\/\/thepreciselab.com\/es\/wp-json\/wp\/v2\/media?parent=1123"}],"wp:term":[{"taxonomy":"product_brand","embeddable":true,"href":"https:\/\/thepreciselab.com\/es\/wp-json\/wp\/v2\/product_brand?post=1123"},{"taxonomy":"product_cat","embeddable":true,"href":"https:\/\/thepreciselab.com\/es\/wp-json\/wp\/v2\/product_cat?post=1123"},{"taxonomy":"product_tag","embeddable":true,"href":"https:\/\/thepreciselab.com\/es\/wp-json\/wp\/v2\/product_tag?post=1123"}],"curies":[{"name":"wp","href":"https:\/\/api.w.org\/{rel}","templated":true}]}}