{"id":1124,"date":"2024-09-30T14:59:03","date_gmt":"2024-09-30T19:59:03","guid":{"rendered":"https:\/\/thepreciselab.com\/product\/paternidad-legal-judicial\/"},"modified":"2024-09-30T14:59:03","modified_gmt":"2024-09-30T19:59:03","slug":"paternidad-legal-judicial","status":"publish","type":"product","link":"https:\/\/thepreciselab.com\/es\/product\/paternidad-legal-judicial\/","title":{"rendered":"Paternidad (legal-judicial)"},"content":{"rendered":"<p><strong>\u00bfPor qu\u00e9 debes hacer esta prueba?<\/strong><br \/>\nEsta prueba proporciona una determinaci\u00f3n concluyente de la paternidad, y los resultados son legalmente v\u00e1lidos para su uso en los tribunales. Suele utilizarse en casos de manutenci\u00f3n de menores, disputas por la custodia, inmigraci\u00f3n, reclamaciones de herencia, etc. Se siguen todos los procedimientos legales de cadena de custodia para garantizar una identificaci\u00f3n adecuada y el cumplimiento de los requisitos legales.  <\/p>\n<p><strong>\u00bfQui\u00e9n proporciona las muestras de ADN?<\/strong><br \/>\nTanto el presunto padre como el menor proporcionar\u00e1n muestras. El ADN se recoge mediante un hisopo bucal (oral), ya que es una prueba admisible por el tribunal. <\/p>\n<p><strong>\u00bfCu\u00e1l es el plazo de entrega de los resultados?<\/strong><br \/>\nEspera recibir tus resultados en 2-3 d\u00edas laborables por correo electr\u00f3nico.<\/p>\n<p><strong>\u00bfQu\u00e9 debes llevar a la cita?<\/strong><br \/>\nLleva a la cita un documento de identidad v\u00e1lido expedido por el gobierno. Los menores de 18 a\u00f1os ser\u00e1n fotografiados y no se les exigir\u00e1 ning\u00fan documento de identidad. <\/p>\n","protected":false},"excerpt":{"rendered":"<p>\u00bfPor qu\u00e9 debes hacer esta prueba? Esta prueba proporciona una determinaci\u00f3n concluyente de la paternidad, y los resultados son legalmente v\u00e1lidos para su uso en los<span class=\"excerpt-hellip\"> [\u2026]<\/span><\/p>\n","protected":false},"featured_media":0,"comment_status":"closed","ping_status":"closed","template":"","meta":[],"product_brand":[],"product_cat":[62],"product_tag":[],"class_list":{"0":"post-1124","1":"product","2":"type-product","3":"status-publish","5":"product_cat-pruebas-de-adn","7":"first","8":"instock","9":"shipping-taxable","10":"purchasable","11":"product-type-simple"},"_links":{"self":[{"href":"https:\/\/thepreciselab.com\/es\/wp-json\/wp\/v2\/product\/1124","targetHints":{"allow":["GET"]}}],"collection":[{"href":"https:\/\/thepreciselab.com\/es\/wp-json\/wp\/v2\/product"}],"about":[{"href":"https:\/\/thepreciselab.com\/es\/wp-json\/wp\/v2\/types\/product"}],"replies":[{"embeddable":true,"href":"https:\/\/thepreciselab.com\/es\/wp-json\/wp\/v2\/comments?post=1124"}],"wp:attachment":[{"href":"https:\/\/thepreciselab.com\/es\/wp-json\/wp\/v2\/media?parent=1124"}],"wp:term":[{"taxonomy":"product_brand","embeddable":true,"href":"https:\/\/thepreciselab.com\/es\/wp-json\/wp\/v2\/product_brand?post=1124"},{"taxonomy":"product_cat","embeddable":true,"href":"https:\/\/thepreciselab.com\/es\/wp-json\/wp\/v2\/product_cat?post=1124"},{"taxonomy":"product_tag","embeddable":true,"href":"https:\/\/thepreciselab.com\/es\/wp-json\/wp\/v2\/product_tag?post=1124"}],"curies":[{"name":"wp","href":"https:\/\/api.w.org\/{rel}","templated":true}]}}